{"id":2,"date":"2023-10-23T18:02:10","date_gmt":"2023-10-23T16:02:10","guid":{"rendered":"http:\/\/malanew.org\/?page_id=2"},"modified":"2024-02-01T18:58:18","modified_gmt":"2024-02-01T17:58:18","slug":"page-d-exemple","status":"publish","type":"page","link":"https:\/\/malanew.org\/?page_id=2","title":{"rendered":"La cit\u00e9 de la Maladrerie"},"content":{"rendered":"\t\t<div data-elementor-type=\"wp-page\" data-elementor-id=\"2\" class=\"elementor elementor-2\">\n\t\t\t\t<div class=\"elementor-element elementor-element-e76d787 e-flex e-con-boxed e-con e-parent\" data-id=\"e76d787\" data-element_type=\"container\" data-e-type=\"container\">\n\t\t\t\t\t<div class=\"e-con-inner\">\n\t\t\t\t<div class=\"elementor-element elementor-element-bed3287 elementor-widget elementor-widget-spacer\" data-id=\"bed3287\" data-element_type=\"widget\" data-e-type=\"widget\" data-widget_type=\"spacer.default\">\n\t\t\t\t<div class=\"elementor-widget-container\">\n\t\t\t\t\t\t\t<div class=\"elementor-spacer\">\n\t\t\t<div class=\"elementor-spacer-inner\"><\/div>\n\t\t<\/div>\n\t\t\t\t\t\t<\/div>\n\t\t\t\t<\/div>\n\t\t\t\t\t<\/div>\n\t\t\t\t<\/div>\n\t\t<div class=\"elementor-element elementor-element-27c65e7 e-grid e-con-boxed e-con e-parent\" data-id=\"27c65e7\" data-element_type=\"container\" data-e-type=\"container\">\n\t\t\t\t\t<div class=\"e-con-inner\">\n\t\t\t\t<div class=\"elementor-element elementor-element-198bde1 elementor-widget elementor-widget-image\" data-id=\"198bde1\" data-element_type=\"widget\" data-e-type=\"widget\" data-widget_type=\"image.default\">\n\t\t\t\t<div class=\"elementor-widget-container\">\n\t\t\t\t\t\t\t\t\t\t\t\t\t\t\t<img fetchpriority=\"high\" decoding=\"async\" width=\"200\" height=\"300\" src=\"https:\/\/malanew.org\/wp-content\/uploads\/2024\/01\/Renee-200x300.jpg\" class=\"attachment-medium size-medium wp-image-554\" alt=\"\" srcset=\"https:\/\/malanew.org\/wp-content\/uploads\/2024\/01\/Renee-200x300.jpg 200w, https:\/\/malanew.org\/wp-content\/uploads\/2024\/01\/Renee-683x1024.jpg 683w, https:\/\/malanew.org\/wp-content\/uploads\/2024\/01\/Renee-768x1152.jpg 768w, https:\/\/malanew.org\/wp-content\/uploads\/2024\/01\/Renee-1024x1536.jpg 1024w, https:\/\/malanew.org\/wp-content\/uploads\/2024\/01\/Renee-1366x2048.jpg 1366w, https:\/\/malanew.org\/wp-content\/uploads\/2024\/01\/Renee-scaled.jpg 1707w\" sizes=\"(max-width: 200px) 100vw, 200px\" \/>\t\t\t\t\t\t\t\t\t\t\t\t\t\t\t<\/div>\n\t\t\t\t<\/div>\n\t\t\t\t<div class=\"elementor-element elementor-element-e9c56da elementor-widget elementor-widget-text-editor\" data-id=\"e9c56da\" data-element_type=\"widget\" data-e-type=\"widget\" data-widget_type=\"text-editor.default\">\n\t\t\t\t<div class=\"elementor-widget-container\">\n\t\t\t\t\t\t\t\t\t<p>\u00a0<\/p>\n<p>\u00ab\u00a0Tout le quartier est parcouru par de nombreuses galeries abrit\u00e9es. La desserte des logements est l&rsquo;occasion de constituer des lieux ambigus, dont le statut priv\u00e9 ou public devient l&rsquo;affaire des seuls habitants.\u00a0\u00bb\u00a0<\/p>\n<p><!-- \/wp:paragraph --><!-- wp:paragraph --><\/p>\n<p><em>R.Gailhoustet, \u00c9loge du logement<\/em><\/p>\t\t\t\t\t\t\t\t<\/div>\n\t\t\t\t<\/div>\n\t\t\t\t\t<\/div>\n\t\t\t\t<\/div>\n\t\t<div class=\"elementor-element elementor-element-3a79ed11 e-flex e-con-boxed e-con e-parent\" data-id=\"3a79ed11\" data-element_type=\"container\" data-e-type=\"container\">\n\t\t\t\t\t<div class=\"e-con-inner\">\n\t\t\t\t<div class=\"elementor-element elementor-element-71d77cb0 elementor-widget elementor-widget-text-editor\" data-id=\"71d77cb0\" data-element_type=\"widget\" data-e-type=\"widget\" data-widget_type=\"text-editor.default\">\n\t\t\t\t<div class=\"elementor-widget-container\">\n\t\t\t\t\t\t\t\t\t<!-- wp:paragraph -->\n<p>\u00ab\u00a0Tout le quartier est parcouru par de nombreuses galeries abrit\u00e9es. La desserte des logements est l&rsquo;occasion de constituer des lieux ambigus, dont le statut priv\u00e9 ou public devient l&rsquo;affaire des seuls habitants.\u00a0\u00bb\u00a0<\/p>\n<!-- \/wp:paragraph --><!-- wp:paragraph -->\n<p><em>R.Gailhoustet, \u00c9loge du logement<\/em><\/p>\n<!-- \/wp:paragraph --><!-- wp:quote -->\n<blockquote class=\"wp-block-quote\"><!-- wp:paragraph -->\n<p><strong>Par Valentin Naturel, Le Parisien<\/strong><\/p>\n<!-- \/wp:paragraph --><!-- wp:paragraph -->\n<p>Avec son mariage de b\u00e9ton et de vert, ses toits-terrasses et ses passages tortueux labyrinthiques, le quartier de la Maladrerie s&rsquo;impose comme\u00a0<strong>un\u00a0<\/strong><strong>\u00abmiracle architectural \u00bb \u00e0 Aubervilliers\u00a0<\/strong>(Seine-Saint-Denis). Les mots sont ceux de Katherine Fiumani, l&rsquo;une des collaboratrices de\u00a0<strong>Ren\u00e9e Gailhoustet,<\/strong>\u00a0l&rsquo;architecte qui a imagin\u00e9 ce projet pyramidal. Il repose, \u00e0 l&rsquo;image d&rsquo;un entonnoir, sur un amincissement progressif des b\u00e2timents sur la hauteur.<\/p>\n<!-- \/wp:paragraph --><!-- wp:paragraph -->\n<p>La construction, qui a commenc\u00e9 \u00e0 la fin des ann\u00e9es 1970, s&rsquo;est termin\u00e9e en 1988. Vingt ans plus tard, l&rsquo;\u00e9difice a h\u00e9rit\u00e9 du label\u00a0<strong>\u00ab Patrimoine du XXe si\u00e8cle \u00bb\u00a0<\/strong>d\u00e9livr\u00e9 par le minist\u00e8re de la Culture.<\/p>\n<!-- \/wp:paragraph --><!-- wp:paragraph -->\n<p>Et ses 900 logements sociaux, dont plusieurs dizaines sont r\u00e9serv\u00e9es depuis toujours \u00e0 des artistes, affichent tous un int\u00e9rieur diff\u00e9rent. \u00ab Ren\u00e9e Gailhoustet imaginait la structure comme une sculpture, poursuit Katherine Fiumani. Les logements ont toutes les orientations, Nord, Sud, Est et Ouest. \u00bb<\/p>\n<!-- \/wp:paragraph --><!-- wp:paragraph -->\n<p>La forme des b\u00e2timents permet \u00e0 certains r\u00e9sidents d\u2019avoir des prolongements ext\u00e9rieurs qui laissent appara\u00eetre ces fameuses terrasses-jardins.<\/p>\n<!-- \/wp:paragraph --><!-- wp:paragraph -->\n<p><strong>Le quartier fonctionne presque comme une ville<\/strong>\u00a0: ateliers, biblioth\u00e8que et un centre de loisirs ornent les \u00ab cheminements pi\u00e9tonniers \u00bb de pierres ou de pav\u00e9s, ces espaces de promenade entre les halls.<\/p>\n<!-- \/wp:paragraph --><!-- wp:paragraph -->\n<p>La forme des b\u00e2timents permet \u00e0 certains r\u00e9sidents d&rsquo;avoir des prolongements ext\u00e9rieurs qui laissent appara\u00eetre ces fameuses terrasses-jardins. \u00ab Mon architecture sera termin\u00e9e quand elle sera recouverte de verdure \u00bb disait Ren\u00e9e Gailhoustet, cit\u00e9e par Katherine Fiumani.<\/p>\n<!-- \/wp:paragraph --><!-- wp:paragraph -->\n<p><strong>\u00abC&rsquo;est \u00e7a, la ville du futur\u00bb<\/strong><\/p>\n<!-- \/wp:paragraph --><!-- wp:paragraph -->\n<p>En s&rsquo;y promenant, le fl\u00e2neur est d&rsquo;ailleurs frapp\u00e9 par la quantit\u00e9 de vert. \u00ab On pense que c&rsquo;est \u00e7a, la ville du futur, note Gilles Jacquemot, associ\u00e9 et compagnon de Katherine Fiumani. En respectant la dimension \u00e9cologique tout en faisant face \u00e0 la densification urbaine, on habite dans un parc construit \u00bb. Alors, quand le vert risque d&rsquo;\u00eatre grignot\u00e9 par le futur m\u00e9tro, par exemple, le couple monte au cr\u00e9neau.<\/p>\n<!-- \/wp:paragraph --><!-- wp:paragraph -->\n<p>Pour les deux architectes qui habitent ici depuis sa cr\u00e9ation, l&rsquo;endroit est \u00ab po\u00e9tique. \u00bb \u00ab Ceux qui l&rsquo;habitent depuis 40 ans nous disent qu&rsquo;ils ne pourraient pas vivre ailleurs \u00bb. Mais d&rsquo;autres, comme des habitants de l&rsquo;all\u00e9e Nicolas-de-Sta\u00ebl ne sont pas d&rsquo;accord. Ils ont r\u00e9cemment demand\u00e9 l&rsquo;aide la mairie. La cause : des moisissures, des effritements des murs ou des variations de temp\u00e9rature.<\/p>\n<!-- \/wp:paragraph --><\/blockquote>\n<!-- \/wp:quote -->\t\t\t\t\t\t\t\t<\/div>\n\t\t\t\t<\/div>\n\t\t\t\t\t<\/div>\n\t\t\t\t<\/div>\n\t\t<div class=\"elementor-element elementor-element-6c19769 e-flex e-con-boxed e-con e-parent\" data-id=\"6c19769\" data-element_type=\"container\" data-e-type=\"container\">\n\t\t\t\t\t<div class=\"e-con-inner\">\n\t\t\t\t<div class=\"elementor-element elementor-element-8a8ebcb elementor-widget elementor-widget-heading\" data-id=\"8a8ebcb\" data-element_type=\"widget\" data-e-type=\"widget\" data-widget_type=\"heading.default\">\n\t\t\t\t<div class=\"elementor-widget-container\">\n\t\t\t\t\t<h2 class=\"elementor-heading-title elementor-size-default\">La cit\u00e9 de la Maladrerie<\/h2>\t\t\t\t<\/div>\n\t\t\t\t<\/div>\n\t\t\t\t\t<\/div>\n\t\t\t\t<\/div>\n\t\t<div class=\"elementor-element elementor-element-ac97b4c e-grid e-con-boxed e-con e-parent\" data-id=\"ac97b4c\" data-element_type=\"container\" data-e-type=\"container\">\n\t\t\t\t\t<div class=\"e-con-inner\">\n\t\t\t\t<div class=\"elementor-element elementor-element-020e91d elementor-widget elementor-widget-image\" data-id=\"020e91d\" data-element_type=\"widget\" data-e-type=\"widget\" data-widget_type=\"image.default\">\n\t\t\t\t<div class=\"elementor-widget-container\">\n\t\t\t\t\t\t\t\t\t\t\t\t\t\t\t<img decoding=\"async\" width=\"800\" height=\"600\" src=\"https:\/\/malanew.org\/wp-content\/uploads\/2024\/01\/4_PH-DRONE_Maladrerie_163light-1024x768.jpg\" class=\"attachment-large size-large wp-image-522\" alt=\"\" srcset=\"https:\/\/malanew.org\/wp-content\/uploads\/2024\/01\/4_PH-DRONE_Maladrerie_163light-1024x768.jpg 1024w, https:\/\/malanew.org\/wp-content\/uploads\/2024\/01\/4_PH-DRONE_Maladrerie_163light-300x225.jpg 300w, https:\/\/malanew.org\/wp-content\/uploads\/2024\/01\/4_PH-DRONE_Maladrerie_163light-768x576.jpg 768w, https:\/\/malanew.org\/wp-content\/uploads\/2024\/01\/4_PH-DRONE_Maladrerie_163light-1536x1152.jpg 1536w, https:\/\/malanew.org\/wp-content\/uploads\/2024\/01\/4_PH-DRONE_Maladrerie_163light.jpg 2000w\" sizes=\"(max-width: 800px) 100vw, 800px\" \/>\t\t\t\t\t\t\t\t\t\t\t\t\t\t\t<\/div>\n\t\t\t\t<\/div>\n\t\t\t\t<div class=\"elementor-element elementor-element-10f9097 elementor-widget elementor-widget-image\" data-id=\"10f9097\" data-element_type=\"widget\" data-e-type=\"widget\" data-widget_type=\"image.default\">\n\t\t\t\t<div class=\"elementor-widget-container\">\n\t\t\t\t\t\t\t\t\t\t\t\t\t\t\t<img decoding=\"async\" width=\"800\" height=\"600\" src=\"https:\/\/malanew.org\/wp-content\/uploads\/2024\/01\/5_PH-DRONE_Maladrerie_165light-2-1024x768.jpg\" class=\"attachment-large size-large wp-image-520\" alt=\"\" srcset=\"https:\/\/malanew.org\/wp-content\/uploads\/2024\/01\/5_PH-DRONE_Maladrerie_165light-2-1024x768.jpg 1024w, https:\/\/malanew.org\/wp-content\/uploads\/2024\/01\/5_PH-DRONE_Maladrerie_165light-2-300x225.jpg 300w, https:\/\/malanew.org\/wp-content\/uploads\/2024\/01\/5_PH-DRONE_Maladrerie_165light-2-768x576.jpg 768w, https:\/\/malanew.org\/wp-content\/uploads\/2024\/01\/5_PH-DRONE_Maladrerie_165light-2-1536x1152.jpg 1536w, https:\/\/malanew.org\/wp-content\/uploads\/2024\/01\/5_PH-DRONE_Maladrerie_165light-2.jpg 2000w\" sizes=\"(max-width: 800px) 100vw, 800px\" \/>\t\t\t\t\t\t\t\t\t\t\t\t\t\t\t<\/div>\n\t\t\t\t<\/div>\n\t\t\t\t<div class=\"elementor-element elementor-element-242e026 elementor-widget elementor-widget-image\" data-id=\"242e026\" data-element_type=\"widget\" data-e-type=\"widget\" data-widget_type=\"image.default\">\n\t\t\t\t<div class=\"elementor-widget-container\">\n\t\t\t\t\t\t\t\t\t\t\t\t\t\t\t<img loading=\"lazy\" decoding=\"async\" width=\"800\" height=\"600\" src=\"https:\/\/malanew.org\/wp-content\/uploads\/2024\/01\/7_PH-DRONE_Maladrerie_167light-1024x768.jpg\" class=\"attachment-large size-large wp-image-521\" alt=\"\" srcset=\"https:\/\/malanew.org\/wp-content\/uploads\/2024\/01\/7_PH-DRONE_Maladrerie_167light-1024x768.jpg 1024w, https:\/\/malanew.org\/wp-content\/uploads\/2024\/01\/7_PH-DRONE_Maladrerie_167light-300x225.jpg 300w, https:\/\/malanew.org\/wp-content\/uploads\/2024\/01\/7_PH-DRONE_Maladrerie_167light-768x576.jpg 768w, https:\/\/malanew.org\/wp-content\/uploads\/2024\/01\/7_PH-DRONE_Maladrerie_167light-1536x1152.jpg 1536w, https:\/\/malanew.org\/wp-content\/uploads\/2024\/01\/7_PH-DRONE_Maladrerie_167light.jpg 2000w\" sizes=\"(max-width: 800px) 100vw, 800px\" \/>\t\t\t\t\t\t\t\t\t\t\t\t\t\t\t<\/div>\n\t\t\t\t<\/div>\n\t\t\t\t\t<\/div>\n\t\t\t\t<\/div>\n\t\t\t\t<\/div>\n\t\t","protected":false},"excerpt":{"rendered":"<p>\u00a0 \u00ab\u00a0Tout le quartier est parcouru par de nombreuses galeries abrit\u00e9es. La desserte des logements est l&rsquo;occasion de constituer des lieux ambigus, dont le statut priv\u00e9 ou public devient l&rsquo;affaire des seuls habitants.\u00a0\u00bb\u00a0 R.Gailhoustet, \u00c9loge du logement \u00ab\u00a0Tout le quartier est parcouru par de nombreuses galeries abrit\u00e9es. La desserte des logements est l&rsquo;occasion de constituer [&hellip;]<\/p>\n","protected":false},"author":1,"featured_media":0,"parent":0,"menu_order":0,"comment_status":"closed","ping_status":"open","template":"","meta":{"footnotes":""},"class_list":["post-2","page","type-page","status-publish","hentry"],"_links":{"self":[{"href":"https:\/\/malanew.org\/index.php?rest_route=\/wp\/v2\/pages\/2","targetHints":{"allow":["GET"]}}],"collection":[{"href":"https:\/\/malanew.org\/index.php?rest_route=\/wp\/v2\/pages"}],"about":[{"href":"https:\/\/malanew.org\/index.php?rest_route=\/wp\/v2\/types\/page"}],"author":[{"embeddable":true,"href":"https:\/\/malanew.org\/index.php?rest_route=\/wp\/v2\/users\/1"}],"replies":[{"embeddable":true,"href":"https:\/\/malanew.org\/index.php?rest_route=%2Fwp%2Fv2%2Fcomments&post=2"}],"version-history":[{"count":40,"href":"https:\/\/malanew.org\/index.php?rest_route=\/wp\/v2\/pages\/2\/revisions"}],"predecessor-version":[{"id":1402,"href":"https:\/\/malanew.org\/index.php?rest_route=\/wp\/v2\/pages\/2\/revisions\/1402"}],"wp:attachment":[{"href":"https:\/\/malanew.org\/index.php?rest_route=%2Fwp%2Fv2%2Fmedia&parent=2"}],"curies":[{"name":"wp","href":"https:\/\/api.w.org\/{rel}","templated":true}]}}