{"id":2127,"date":"2024-12-25T17:25:10","date_gmt":"2024-12-25T16:25:10","guid":{"rendered":"https:\/\/malanew.org\/?page_id=2127"},"modified":"2025-03-23T16:57:40","modified_gmt":"2025-03-23T15:57:40","slug":"elementor-2127","status":"publish","type":"page","link":"https:\/\/malanew.org\/?page_id=2127","title":{"rendered":"2025: P\u00f4le culturel"},"content":{"rendered":"\t\t<div data-elementor-type=\"wp-page\" data-elementor-id=\"2127\" class=\"elementor elementor-2127\">\n\t\t\t\t<div class=\"elementor-element elementor-element-fe6e723 e-flex e-con-boxed e-con e-parent\" data-id=\"fe6e723\" data-element_type=\"container\" data-e-type=\"container\">\n\t\t\t\t\t<div class=\"e-con-inner\">\n\t\t\t\t<div class=\"elementor-element elementor-element-e208199 elementor-widget elementor-widget-heading\" data-id=\"e208199\" data-element_type=\"widget\" data-e-type=\"widget\" data-widget_type=\"heading.default\">\n\t\t\t\t<div class=\"elementor-widget-container\">\n\t\t\t\t\t<h2 class=\"elementor-heading-title elementor-size-default\">2025: Avenir du P\u00f4le culturel de la Maladrerie<\/h2>\t\t\t\t<\/div>\n\t\t\t\t<\/div>\n\t\t\t\t\t<\/div>\n\t\t\t\t<\/div>\n\t\t<div class=\"elementor-element elementor-element-284ec48 e-flex e-con-boxed e-con e-parent\" data-id=\"284ec48\" data-element_type=\"container\" data-e-type=\"container\">\n\t\t\t\t\t<div class=\"e-con-inner\">\n\t\t\t\t<div class=\"elementor-element elementor-element-b051c68 elementor-widget elementor-widget-text-editor\" data-id=\"b051c68\" data-element_type=\"widget\" data-e-type=\"widget\" data-widget_type=\"text-editor.default\">\n\t\t\t\t<div class=\"elementor-widget-container\">\n\t\t\t\t\t\t\t\t\t<h3 style=\"text-align: center;\">Le p\u00f4le culturel de la Maladrerie comporte une salle de spectacle, l&rsquo;espace Renaudie, le centre d&rsquo;Arts Plastiques d&rsquo;Aubervilliers CAPA Camille Claudel, et la m\u00e9diath\u00e8que Henri Michaux.\u00a0<\/h3><h3 style=\"text-align: center;\">Une r\u00e9novation est pr\u00e9vue pour l&rsquo;espace Renaudie et le CAPA dans le cadre de l&rsquo;ANRU.<\/h3><h3 style=\"text-align: center;\">Quid de la M\u00e9diath\u00e8que???<\/h3>\t\t\t\t\t\t\t\t<\/div>\n\t\t\t\t<\/div>\n\t\t\t\t<div class=\"elementor-element elementor-element-c6e4e68 elementor-widget elementor-widget-spacer\" data-id=\"c6e4e68\" data-element_type=\"widget\" data-e-type=\"widget\" data-widget_type=\"spacer.default\">\n\t\t\t\t<div class=\"elementor-widget-container\">\n\t\t\t\t\t\t\t<div class=\"elementor-spacer\">\n\t\t\t<div class=\"elementor-spacer-inner\"><\/div>\n\t\t<\/div>\n\t\t\t\t\t\t<\/div>\n\t\t\t\t<\/div>\n\t\t\t\t\t<\/div>\n\t\t\t\t<\/div>\n\t\t<div class=\"elementor-element elementor-element-3475f6e e-flex e-con-boxed e-con e-parent\" data-id=\"3475f6e\" data-element_type=\"container\" data-e-type=\"container\">\n\t\t\t\t\t<div class=\"e-con-inner\">\n\t\t<div class=\"elementor-element elementor-element-a1f72df e-con-full e-flex e-con e-child\" data-id=\"a1f72df\" data-element_type=\"container\" data-e-type=\"container\">\n\t\t\t\t<div class=\"elementor-element elementor-element-53773bd elementor-widget elementor-widget-image\" data-id=\"53773bd\" data-element_type=\"widget\" data-e-type=\"widget\" data-widget_type=\"image.default\">\n\t\t\t\t<div class=\"elementor-widget-container\">\n\t\t\t\t\t\t\t\t\t\t\t\t\t\t\t<img fetchpriority=\"high\" decoding=\"async\" width=\"640\" height=\"458\" src=\"https:\/\/malanew.org\/wp-content\/uploads\/2024\/12\/CAPA.jpg\" class=\"attachment-medium_large size-medium_large wp-image-2135\" alt=\"\" srcset=\"https:\/\/malanew.org\/wp-content\/uploads\/2024\/12\/CAPA.jpg 640w, https:\/\/malanew.org\/wp-content\/uploads\/2024\/12\/CAPA-300x215.jpg 300w\" sizes=\"(max-width: 640px) 100vw, 640px\" \/>\t\t\t\t\t\t\t\t\t\t\t\t\t\t\t<\/div>\n\t\t\t\t<\/div>\n\t\t\t\t<\/div>\n\t\t<div class=\"elementor-element elementor-element-d99b489 e-con-full e-flex e-con e-child\" data-id=\"d99b489\" data-element_type=\"container\" data-e-type=\"container\">\n\t\t\t\t<div class=\"elementor-element elementor-element-72e5c56 elementor-widget elementor-widget-image\" data-id=\"72e5c56\" data-element_type=\"widget\" data-e-type=\"widget\" data-widget_type=\"image.default\">\n\t\t\t\t<div class=\"elementor-widget-container\">\n\t\t\t\t\t\t\t\t\t\t\t\t\t\t\t<img decoding=\"async\" width=\"250\" height=\"250\" src=\"https:\/\/malanew.org\/wp-content\/uploads\/2024\/12\/mediatheque.jpg\" class=\"attachment-large size-large wp-image-2136\" alt=\"\" srcset=\"https:\/\/malanew.org\/wp-content\/uploads\/2024\/12\/mediatheque.jpg 250w, https:\/\/malanew.org\/wp-content\/uploads\/2024\/12\/mediatheque-150x150.jpg 150w\" sizes=\"(max-width: 250px) 100vw, 250px\" \/>\t\t\t\t\t\t\t\t\t\t\t\t\t\t\t<\/div>\n\t\t\t\t<\/div>\n\t\t\t\t<\/div>\n\t\t\t\t<div class=\"elementor-element elementor-element-0490c97 elementor-widget elementor-widget-image\" data-id=\"0490c97\" data-element_type=\"widget\" data-e-type=\"widget\" data-widget_type=\"image.default\">\n\t\t\t\t<div class=\"elementor-widget-container\">\n\t\t\t\t\t\t\t\t\t\t\t\t\t\t\t<img decoding=\"async\" width=\"768\" height=\"576\" src=\"https:\/\/malanew.org\/wp-content\/uploads\/2024\/12\/renaudie-768x576.jpg\" class=\"attachment-medium_large size-medium_large wp-image-2134\" alt=\"\" srcset=\"https:\/\/malanew.org\/wp-content\/uploads\/2024\/12\/renaudie-768x576.jpg 768w, https:\/\/malanew.org\/wp-content\/uploads\/2024\/12\/renaudie-300x225.jpg 300w, https:\/\/malanew.org\/wp-content\/uploads\/2024\/12\/renaudie-1024x768.jpg 1024w, https:\/\/malanew.org\/wp-content\/uploads\/2024\/12\/renaudie.jpg 1360w\" sizes=\"(max-width: 768px) 100vw, 768px\" \/>\t\t\t\t\t\t\t\t\t\t\t\t\t\t\t<\/div>\n\t\t\t\t<\/div>\n\t\t\t\t\t<\/div>\n\t\t\t\t<\/div>\n\t\t<div class=\"elementor-element elementor-element-d607bbc e-flex e-con-boxed e-con e-parent\" data-id=\"d607bbc\" data-element_type=\"container\" data-e-type=\"container\">\n\t\t\t\t\t<div class=\"e-con-inner\">\n\t\t\t\t<div class=\"elementor-element elementor-element-0bc9907 elementor-widget elementor-widget-text-editor\" data-id=\"0bc9907\" data-element_type=\"widget\" data-e-type=\"widget\" data-widget_type=\"text-editor.default\">\n\t\t\t\t<div class=\"elementor-widget-container\">\n\t\t\t\t\t\t\t\t\t<h3 style=\"text-align: center;\"><strong>Documents <\/strong><\/h3><h3 style=\"text-align: center;\"><a href=\"https:\/\/malanew.org\/wp-content\/uploads\/2025\/03\/Convention-NPRU-Aubervilliers_V2.docx\">CONVENTION (2022)<\/a> mentionnant la m\u00e9diath\u00e8que (p26)<\/h3><h3 style=\"text-align: center;\">MISSION DE <a href=\"https:\/\/malanew.org\/wp-content\/uploads\/2024\/12\/CCTP-DST-14-24.pdf\">PROGRAMMATION DU POLE CULTUREL<\/a> (dat\u00e9\u00a0 2024)<\/h3><h3 style=\"text-align: center;\">Tableau <a href=\"https:\/\/malanew.org\/wp-content\/uploads\/2024\/12\/TABLEAU-DE-SURFACES-POLE-CULTUREL-MALADRERIE.pdf\">des surfaces<\/a><\/h3>\t\t\t\t\t\t\t\t<\/div>\n\t\t\t\t<\/div>\n\t\t\t\t\t<\/div>\n\t\t\t\t<\/div>\n\t\t<div class=\"elementor-element elementor-element-f318a7d e-flex e-con-boxed e-con e-parent\" data-id=\"f318a7d\" data-element_type=\"container\" data-e-type=\"container\">\n\t\t\t\t\t<div class=\"e-con-inner\">\n\t\t\t\t<div class=\"elementor-element elementor-element-73b3edd elementor-widget elementor-widget-spacer\" data-id=\"73b3edd\" data-element_type=\"widget\" data-e-type=\"widget\" data-widget_type=\"spacer.default\">\n\t\t\t\t<div class=\"elementor-widget-container\">\n\t\t\t\t\t\t\t<div class=\"elementor-spacer\">\n\t\t\t<div class=\"elementor-spacer-inner\"><\/div>\n\t\t<\/div>\n\t\t\t\t\t\t<\/div>\n\t\t\t\t<\/div>\n\t\t\t\t\t<\/div>\n\t\t\t\t<\/div>\n\t\t<div class=\"elementor-element elementor-element-ec5f623 e-flex e-con-boxed e-con e-parent\" data-id=\"ec5f623\" data-element_type=\"container\" data-e-type=\"container\">\n\t\t\t\t\t<div class=\"e-con-inner\">\n\t\t<div class=\"elementor-element elementor-element-017a39a e-con-full e-flex e-con e-child\" data-id=\"017a39a\" data-element_type=\"container\" data-e-type=\"container\">\n\t\t\t\t<div class=\"elementor-element elementor-element-e6abc7e elementor-widget elementor-widget-image\" data-id=\"e6abc7e\" data-element_type=\"widget\" data-e-type=\"widget\" data-widget_type=\"image.default\">\n\t\t\t\t<div class=\"elementor-widget-container\">\n\t\t\t\t\t\t\t\t\t\t\t\t\t\t\t<img loading=\"lazy\" decoding=\"async\" width=\"657\" height=\"893\" src=\"https:\/\/malanew.org\/wp-content\/uploads\/2025\/03\/tract.jpg\" class=\"attachment-medium_large size-medium_large wp-image-2242\" alt=\"\" srcset=\"https:\/\/malanew.org\/wp-content\/uploads\/2025\/03\/tract.jpg 657w, https:\/\/malanew.org\/wp-content\/uploads\/2025\/03\/tract-221x300.jpg 221w\" sizes=\"(max-width: 657px) 100vw, 657px\" \/>\t\t\t\t\t\t\t\t\t\t\t\t\t\t\t<\/div>\n\t\t\t\t<\/div>\n\t\t\t\t<\/div>\n\t\t\t\t<div class=\"elementor-element elementor-element-1c8ad80 elementor-widget elementor-widget-text-editor\" data-id=\"1c8ad80\" data-element_type=\"widget\" data-e-type=\"widget\" data-widget_type=\"text-editor.default\">\n\t\t\t\t<div class=\"elementor-widget-container\">\n\t\t\t\t\t\t\t\t\t<h2><a href=\"https:\/\/chng.it\/wLWTh826tm\">Signez<\/a> et faites signer la p\u00e9tition<\/h2><h1 class=\"corgi-hgie56\" data-qa=\"petition-title\">SAUVER LA M\u00c9DIATH\u00c8QUE HENRI MICHAUX MENACEE DE DISPARITION<\/h1><h2>\u00a0<\/h2><h2>Articles rapportant la mobilisation<\/h2><h2><a href=\"https:\/\/malanew.org\/wp-content\/uploads\/2025\/03\/ParisienHenriMichaux.pdf\">Le Parisien 19\/3\/2025<\/a><\/h2><h2><a href=\"https:\/\/malanew.org\/wp-content\/uploads\/2025\/03\/Actualitte.pdf\">Actualitt\u00e9\u00a0<\/a><\/h2>\t\t\t\t\t\t\t\t<\/div>\n\t\t\t\t<\/div>\n\t\t\t\t\t<\/div>\n\t\t\t\t<\/div>\n\t\t<div class=\"elementor-element elementor-element-c792f11 e-flex e-con-boxed e-con e-parent\" data-id=\"c792f11\" data-element_type=\"container\" data-e-type=\"container\">\n\t\t\t\t\t<div class=\"e-con-inner\">\n\t\t\t\t\t<\/div>\n\t\t\t\t<\/div>\n\t\t\t\t<\/div>\n\t\t","protected":false},"excerpt":{"rendered":"<p>2025: Avenir du P\u00f4le culturel de la Maladrerie Le p\u00f4le culturel de la Maladrerie comporte une salle de spectacle, l&rsquo;espace Renaudie, le centre d&rsquo;Arts Plastiques d&rsquo;Aubervilliers CAPA Camille Claudel, et la m\u00e9diath\u00e8que Henri Michaux.\u00a0 Une r\u00e9novation est pr\u00e9vue pour l&rsquo;espace Renaudie et le CAPA dans le cadre de l&rsquo;ANRU. Quid de la M\u00e9diath\u00e8que??? Documents CONVENTION [&hellip;]<\/p>\n","protected":false},"author":1,"featured_media":0,"parent":0,"menu_order":0,"comment_status":"closed","ping_status":"closed","template":"","meta":{"footnotes":""},"class_list":["post-2127","page","type-page","status-publish","hentry"],"_links":{"self":[{"href":"https:\/\/malanew.org\/index.php?rest_route=\/wp\/v2\/pages\/2127","targetHints":{"allow":["GET"]}}],"collection":[{"href":"https:\/\/malanew.org\/index.php?rest_route=\/wp\/v2\/pages"}],"about":[{"href":"https:\/\/malanew.org\/index.php?rest_route=\/wp\/v2\/types\/page"}],"author":[{"embeddable":true,"href":"https:\/\/malanew.org\/index.php?rest_route=\/wp\/v2\/users\/1"}],"replies":[{"embeddable":true,"href":"https:\/\/malanew.org\/index.php?rest_route=%2Fwp%2Fv2%2Fcomments&post=2127"}],"version-history":[{"count":17,"href":"https:\/\/malanew.org\/index.php?rest_route=\/wp\/v2\/pages\/2127\/revisions"}],"predecessor-version":[{"id":2254,"href":"https:\/\/malanew.org\/index.php?rest_route=\/wp\/v2\/pages\/2127\/revisions\/2254"}],"wp:attachment":[{"href":"https:\/\/malanew.org\/index.php?rest_route=%2Fwp%2Fv2%2Fmedia&parent=2127"}],"curies":[{"name":"wp","href":"https:\/\/api.w.org\/{rel}","templated":true}]}}