{"id":2142,"date":"2025-02-13T19:09:22","date_gmt":"2025-02-13T18:09:22","guid":{"rendered":"https:\/\/malanew.org\/?page_id=2142"},"modified":"2025-02-21T19:02:17","modified_gmt":"2025-02-21T18:02:17","slug":"ligne-15","status":"publish","type":"page","link":"https:\/\/malanew.org\/?page_id=2142","title":{"rendered":"Fort d&rsquo;Aubervilliers et Ligne 15"},"content":{"rendered":"\t\t<div data-elementor-type=\"wp-page\" data-elementor-id=\"2142\" class=\"elementor elementor-2142\">\n\t\t\t\t<div class=\"elementor-element elementor-element-4e750bfe e-flex e-con-boxed e-con e-parent\" data-id=\"4e750bfe\" data-element_type=\"container\" data-e-type=\"container\">\n\t\t\t\t\t<div class=\"e-con-inner\">\n\t\t\t\t<div class=\"elementor-element elementor-element-1416bcad elementor-widget elementor-widget-text-editor\" data-id=\"1416bcad\" data-element_type=\"widget\" data-e-type=\"widget\" data-widget_type=\"text-editor.default\">\n\t\t\t\t<div class=\"elementor-widget-container\">\n\t\t\t\t\t\t\t\t\t\n<p>\/<\/p>\n\t\t\t\t\t\t\t\t<\/div>\n\t\t\t\t<\/div>\n\t\t\t\t\t<\/div>\n\t\t\t\t<\/div>\n\t\t<div class=\"elementor-element elementor-element-72d624f e-flex e-con-boxed e-con e-parent\" data-id=\"72d624f\" data-element_type=\"container\" data-e-type=\"container\">\n\t\t\t\t\t<div class=\"e-con-inner\">\n\t\t\t\t<div class=\"elementor-element elementor-element-46dec87 elementor-widget elementor-widget-heading\" data-id=\"46dec87\" data-element_type=\"widget\" data-e-type=\"widget\" data-widget_type=\"heading.default\">\n\t\t\t\t<div class=\"elementor-widget-container\">\n\t\t\t\t\t<h2 class=\"elementor-heading-title elementor-size-default\">Travaux autour du Fort d'Aubervilliers<\/h2>\t\t\t\t<\/div>\n\t\t\t\t<\/div>\n\t\t\t\t\t<\/div>\n\t\t\t\t<\/div>\n\t\t<div class=\"elementor-element elementor-element-a51390b e-flex e-con-boxed e-con e-parent\" data-id=\"a51390b\" data-element_type=\"container\" data-e-type=\"container\">\n\t\t\t\t\t<div class=\"e-con-inner\">\n\t\t\t\t\t<\/div>\n\t\t\t\t<\/div>\n\t\t<div class=\"elementor-element elementor-element-5446c47 e-flex e-con-boxed e-con e-parent\" data-id=\"5446c47\" data-element_type=\"container\" data-e-type=\"container\">\n\t\t\t\t\t<div class=\"e-con-inner\">\n\t\t\t\t<div class=\"elementor-element elementor-element-06252ea elementor-widget elementor-widget-image\" data-id=\"06252ea\" data-element_type=\"widget\" data-e-type=\"widget\" data-widget_type=\"image.default\">\n\t\t\t\t<div class=\"elementor-widget-container\">\n\t\t\t\t\t\t\t\t\t\t\t\t\t\t\t<img fetchpriority=\"high\" decoding=\"async\" width=\"768\" height=\"474\" src=\"https:\/\/malanew.org\/wp-content\/uploads\/2025\/02\/vue-projet-gare-fort-Octobre-2024-768x474.jpg\" class=\"attachment-medium_large size-medium_large wp-image-2226\" alt=\"\" srcset=\"https:\/\/malanew.org\/wp-content\/uploads\/2025\/02\/vue-projet-gare-fort-Octobre-2024-768x474.jpg 768w, https:\/\/malanew.org\/wp-content\/uploads\/2025\/02\/vue-projet-gare-fort-Octobre-2024-300x185.jpg 300w, https:\/\/malanew.org\/wp-content\/uploads\/2025\/02\/vue-projet-gare-fort-Octobre-2024-1024x632.jpg 1024w, https:\/\/malanew.org\/wp-content\/uploads\/2025\/02\/vue-projet-gare-fort-Octobre-2024.jpg 1071w\" sizes=\"(max-width: 768px) 100vw, 768px\" \/>\t\t\t\t\t\t\t\t\t\t\t\t\t\t\t<\/div>\n\t\t\t\t<\/div>\n\t\t\t\t<div class=\"elementor-element elementor-element-527a76d elementor-widget__width-initial elementor-widget elementor-widget-text-editor\" data-id=\"527a76d\" data-element_type=\"widget\" data-e-type=\"widget\" data-widget_type=\"text-editor.default\">\n\t\t\t\t<div class=\"elementor-widget-container\">\n\t\t\t\t\t\t\t\t\t<p>R\u00e9union d&rsquo;information de Juin 2024.\u00a0<\/p>\n<p>Pr\u00e9sentation par la SGP cliquer <a href=\"https:\/\/malanew.org\/wp-content\/uploads\/2025\/02\/Reunion-publique-FAU-05062024.pdf\">ICI<\/a>\u00a0<\/p>\n<p>R\u00e9union d&rsquo;information d&rsquo;Octobre 2024<\/p>\n<p>Pr\u00e9sentation par la SGP cliquer <a href=\"https:\/\/malanew.org\/wp-content\/uploads\/2025\/02\/2024.10.02-L15E2_Reunion-publique-FAU.pdf\">ICI<\/a><\/p>\t\t\t\t\t\t\t\t<\/div>\n\t\t\t\t<\/div>\n\t\t\t\t\t<\/div>\n\t\t\t\t<\/div>\n\t\t<div class=\"elementor-element elementor-element-eb81869 e-flex e-con-boxed e-con e-parent\" data-id=\"eb81869\" data-element_type=\"container\" data-e-type=\"container\">\n\t\t\t\t\t<div class=\"e-con-inner\">\n\t\t\t\t<div class=\"elementor-element elementor-element-3951fc1 elementor-widget elementor-widget-spacer\" data-id=\"3951fc1\" data-element_type=\"widget\" data-e-type=\"widget\" data-widget_type=\"spacer.default\">\n\t\t\t\t<div class=\"elementor-widget-container\">\n\t\t\t\t\t\t\t<div class=\"elementor-spacer\">\n\t\t\t<div class=\"elementor-spacer-inner\"><\/div>\n\t\t<\/div>\n\t\t\t\t\t\t<\/div>\n\t\t\t\t<\/div>\n\t\t\t\t<div class=\"elementor-element elementor-element-2bd9924 elementor-widget elementor-widget-heading\" data-id=\"2bd9924\" data-element_type=\"widget\" data-e-type=\"widget\" data-widget_type=\"heading.default\">\n\t\t\t\t<div class=\"elementor-widget-container\">\n\t\t\t\t\t<h2 class=\"elementor-heading-title elementor-size-default\">Travaux pour l'ouvrage technique Maladrerie<\/h2>\t\t\t\t<\/div>\n\t\t\t\t<\/div>\n\t\t\t\t\t<\/div>\n\t\t\t\t<\/div>\n\t\t<div class=\"elementor-element elementor-element-5b6bdb3 e-flex e-con-boxed e-con e-parent\" data-id=\"5b6bdb3\" data-element_type=\"container\" data-e-type=\"container\">\n\t\t\t\t\t<div class=\"e-con-inner\">\n\t\t\t\t<div class=\"elementor-element elementor-element-f455a32 elementor-widget elementor-widget-text-editor\" data-id=\"f455a32\" data-element_type=\"widget\" data-e-type=\"widget\" data-widget_type=\"text-editor.default\">\n\t\t\t\t<div class=\"elementor-widget-container\">\n\t\t\t\t\t\t\t\t\t<p>Pr\u00e9sentation lors de la r\u00e9union publique du 12 F\u00e9vrier 2025.&nbsp;<\/p><p><br><\/p><p><br>Cliquer <a href=\"https:\/\/malanew.org\/wp-content\/uploads\/2025\/02\/L15E2_Reunion-publique-OS-Maladrerie.pdf\">ici<\/a> pour la pr\u00e9sentation et <a href=\"https:\/\/malanew.org\/wp-content\/uploads\/2025\/02\/reunion-du-12Fevrier.pdf\">ici<\/a> pour le r\u00e9sum\u00e9 des discussions.&nbsp;<\/p>\t\t\t\t\t\t\t\t<\/div>\n\t\t\t\t<\/div>\n\t\t\t\t<div class=\"elementor-element elementor-element-3c5e9e7 elementor-widget elementor-widget-image\" data-id=\"3c5e9e7\" data-element_type=\"widget\" data-e-type=\"widget\" data-widget_type=\"image.default\">\n\t\t\t\t<div class=\"elementor-widget-container\">\n\t\t\t\t\t\t\t\t\t\t\t\t\t\t\t<img decoding=\"async\" width=\"768\" height=\"481\" src=\"https:\/\/malanew.org\/wp-content\/uploads\/2025\/02\/vue-projet-768x481.jpg\" class=\"attachment-medium_large size-medium_large wp-image-2188\" alt=\"\" srcset=\"https:\/\/malanew.org\/wp-content\/uploads\/2025\/02\/vue-projet-768x481.jpg 768w, https:\/\/malanew.org\/wp-content\/uploads\/2025\/02\/vue-projet-300x188.jpg 300w, https:\/\/malanew.org\/wp-content\/uploads\/2025\/02\/vue-projet-1024x642.jpg 1024w, https:\/\/malanew.org\/wp-content\/uploads\/2025\/02\/vue-projet.jpg 1173w\" sizes=\"(max-width: 768px) 100vw, 768px\" \/>\t\t\t\t\t\t\t\t\t\t\t\t\t\t\t<\/div>\n\t\t\t\t<\/div>\n\t\t\t\t\t<\/div>\n\t\t\t\t<\/div>\n\t\t<div class=\"elementor-element elementor-element-73776a6 e-flex e-con-boxed e-con e-parent\" data-id=\"73776a6\" data-element_type=\"container\" data-e-type=\"container\">\n\t\t\t\t\t<div class=\"e-con-inner\">\n\t\t\t\t<div class=\"elementor-element elementor-element-5166fc9 elementor-widget elementor-widget-heading\" data-id=\"5166fc9\" data-element_type=\"widget\" data-e-type=\"widget\" data-widget_type=\"heading.default\">\n\t\t\t\t<div class=\"elementor-widget-container\">\n\t\t\t\t\t<h2 class=\"elementor-heading-title elementor-size-default\">Documents sur la SGP et la ligne 15<\/h2>\t\t\t\t<\/div>\n\t\t\t\t<\/div>\n\t\t\t\t<div class=\"elementor-element elementor-element-f5c6ba8 elementor-widget elementor-widget-text-editor\" data-id=\"f5c6ba8\" data-element_type=\"widget\" data-e-type=\"widget\" data-widget_type=\"text-editor.default\">\n\t\t\t\t<div class=\"elementor-widget-container\">\n\t\t\t\t\t\t\t\t\t<p>Pr\u00e9sentation \u00e0 Est-Ensemble 29 Novembre 2023 t\u00e9l\u00e9charger <a href=\"https:\/\/malanew.org\/wp-content\/uploads\/2025\/02\/presentation-ppt-conf-de-ligne-15-est.pdf\">ICI<\/a><\/p>\n<p>Documentation \u00ab\u00a0quartiers de gare\u00a0\u00bb <a href=\"https:\/\/malanew.org\/wp-content\/uploads\/2025\/02\/quartiers-de-gare.pdf\">ICI<\/a><\/p>\n<p>Quartiers de gare, accompagnement <a href=\"https:\/\/malanew.org\/wp-content\/uploads\/2025\/02\/sad_guide_quartiers_gare_2024_v03.pdf\">ICI<\/a><\/p>\n<p>Dossier de presse \u00ab\u00a0march\u00e9s Ligne 15\u00a0\u00bb <a href=\"https:\/\/malanew.org\/wp-content\/uploads\/2025\/02\/Dossier_de_presse_marche_15_Est-2.pdf\">ICI<\/a><\/p>\n<p>Exemples d&rsquo;ouvrages de service \u00e0 Champigny <a href=\"https:\/\/malanew.org\/wp-content\/uploads\/2025\/02\/ouvrageserviceChampigny.pdf\">ICI<\/a><\/p>\t\t\t\t\t\t\t\t<\/div>\n\t\t\t\t<\/div>\n\t\t\t\t\t<\/div>\n\t\t\t\t<\/div>\n\t\t<div class=\"elementor-element elementor-element-17dff82 e-flex e-con-boxed e-con e-parent\" data-id=\"17dff82\" data-element_type=\"container\" data-e-type=\"container\">\n\t\t\t\t\t<div class=\"e-con-inner\">\n\t\t\t\t<div class=\"elementor-element elementor-element-aff9401 elementor-widget elementor-widget-heading\" data-id=\"aff9401\" data-element_type=\"widget\" data-e-type=\"widget\" data-widget_type=\"heading.default\">\n\t\t\t\t<div class=\"elementor-widget-container\">\n\t\t\t\t\t<h2 class=\"elementor-heading-title elementor-size-default\">Passage du tunnel sous la Maladrerie<\/h2>\t\t\t\t<\/div>\n\t\t\t\t<\/div>\n\t\t\t\t\t<\/div>\n\t\t\t\t<\/div>\n\t\t<div class=\"elementor-element elementor-element-4b8b7fe e-flex e-con-boxed e-con e-parent\" data-id=\"4b8b7fe\" data-element_type=\"container\" data-e-type=\"container\">\n\t\t\t\t\t<div class=\"e-con-inner\">\n\t\t<div class=\"elementor-element elementor-element-0bf779d e-con-full e-flex e-con e-child\" data-id=\"0bf779d\" data-element_type=\"container\" data-e-type=\"container\">\n\t\t\t\t<div class=\"elementor-element elementor-element-f2a629b elementor-widget elementor-widget-text-editor\" data-id=\"f2a629b\" data-element_type=\"widget\" data-e-type=\"widget\" data-widget_type=\"text-editor.default\">\n\t\t\t\t<div class=\"elementor-widget-container\">\n\t\t\t\t\t\t\t\t\t<p>Pr\u00e9sentation pour la vente des tr\u00e9fonds <a href=\"https:\/\/malanew.org\/wp-content\/uploads\/2025\/02\/Presentation-PPT-trefonds.pdf\">ICI<\/a><\/p>\t\t\t\t\t\t\t\t<\/div>\n\t\t\t\t<\/div>\n\t\t\t\t<\/div>\n\t\t\t\t<div class=\"elementor-element elementor-element-e6858aa elementor-widget elementor-widget-image\" data-id=\"e6858aa\" data-element_type=\"widget\" data-e-type=\"widget\" data-widget_type=\"image.default\">\n\t\t\t\t<div class=\"elementor-widget-container\">\n\t\t\t\t\t\t\t\t\t\t\t\t\t\t\t<img decoding=\"async\" width=\"800\" height=\"558\" src=\"https:\/\/malanew.org\/wp-content\/uploads\/2025\/02\/passage-tunnel-sous-la-Mala.jpg\" class=\"attachment-large size-large wp-image-2219\" alt=\"\" srcset=\"https:\/\/malanew.org\/wp-content\/uploads\/2025\/02\/passage-tunnel-sous-la-Mala.jpg 926w, https:\/\/malanew.org\/wp-content\/uploads\/2025\/02\/passage-tunnel-sous-la-Mala-300x209.jpg 300w, https:\/\/malanew.org\/wp-content\/uploads\/2025\/02\/passage-tunnel-sous-la-Mala-768x536.jpg 768w\" sizes=\"(max-width: 800px) 100vw, 800px\" \/>\t\t\t\t\t\t\t\t\t\t\t\t\t\t\t<\/div>\n\t\t\t\t<\/div>\n\t\t\t\t\t<\/div>\n\t\t\t\t<\/div>\n\t\t\t\t<\/div>\n\t\t","protected":false},"excerpt":{"rendered":"<p>\/ Travaux autour du Fort d&rsquo;Aubervilliers R\u00e9union d&rsquo;information de Juin 2024.\u00a0 Pr\u00e9sentation par la SGP cliquer ICI\u00a0 R\u00e9union d&rsquo;information d&rsquo;Octobre 2024 Pr\u00e9sentation par la SGP cliquer ICI Travaux pour l&rsquo;ouvrage technique Maladrerie Pr\u00e9sentation lors de la r\u00e9union publique du 12 F\u00e9vrier 2025.&nbsp; Cliquer ici pour la pr\u00e9sentation et ici pour le r\u00e9sum\u00e9 des discussions.&nbsp; Documents [&hellip;]<\/p>\n","protected":false},"author":1,"featured_media":0,"parent":0,"menu_order":0,"comment_status":"closed","ping_status":"closed","template":"","meta":{"footnotes":""},"class_list":["post-2142","page","type-page","status-publish","hentry"],"_links":{"self":[{"href":"https:\/\/malanew.org\/index.php?rest_route=\/wp\/v2\/pages\/2142","targetHints":{"allow":["GET"]}}],"collection":[{"href":"https:\/\/malanew.org\/index.php?rest_route=\/wp\/v2\/pages"}],"about":[{"href":"https:\/\/malanew.org\/index.php?rest_route=\/wp\/v2\/types\/page"}],"author":[{"embeddable":true,"href":"https:\/\/malanew.org\/index.php?rest_route=\/wp\/v2\/users\/1"}],"replies":[{"embeddable":true,"href":"https:\/\/malanew.org\/index.php?rest_route=%2Fwp%2Fv2%2Fcomments&post=2142"}],"version-history":[{"count":22,"href":"https:\/\/malanew.org\/index.php?rest_route=\/wp\/v2\/pages\/2142\/revisions"}],"predecessor-version":[{"id":2229,"href":"https:\/\/malanew.org\/index.php?rest_route=\/wp\/v2\/pages\/2142\/revisions\/2229"}],"wp:attachment":[{"href":"https:\/\/malanew.org\/index.php?rest_route=%2Fwp%2Fv2%2Fmedia&parent=2142"}],"curies":[{"name":"wp","href":"https:\/\/api.w.org\/{rel}","templated":true}]}}