{"id":2230,"date":"2025-03-23T16:31:25","date_gmt":"2025-03-23T15:31:25","guid":{"rendered":"https:\/\/malanew.org\/?page_id=2230"},"modified":"2025-04-07T16:17:17","modified_gmt":"2025-04-07T14:17:17","slug":"2025-le-projet","status":"publish","type":"page","link":"https:\/\/malanew.org\/?page_id=2230","title":{"rendered":"2025 le projet"},"content":{"rendered":"\t\t<div data-elementor-type=\"wp-page\" data-elementor-id=\"2230\" class=\"elementor elementor-2230\">\n\t\t\t\t<div class=\"elementor-element elementor-element-e657965 e-flex e-con-boxed e-con e-parent\" data-id=\"e657965\" data-element_type=\"container\" data-e-type=\"container\">\n\t\t\t\t\t<div class=\"e-con-inner\">\n\t\t\t\t<div class=\"elementor-element elementor-element-f3b0cd4 elementor-widget elementor-widget-heading\" data-id=\"f3b0cd4\" data-element_type=\"widget\" data-e-type=\"widget\" data-widget_type=\"heading.default\">\n\t\t\t\t<div class=\"elementor-widget-container\">\n\t\t\t\t\t<h2 class=\"elementor-heading-title elementor-size-default\">Suivi du projet de renouvellement NPNRU<\/h2>\t\t\t\t<\/div>\n\t\t\t\t<\/div>\n\t\t\t\t\t<\/div>\n\t\t\t\t<\/div>\n\t\t<div class=\"elementor-element elementor-element-03ea71f e-flex e-con-boxed e-con e-parent\" data-id=\"03ea71f\" data-element_type=\"container\" data-e-type=\"container\">\n\t\t\t\t\t<div class=\"e-con-inner\">\n\t\t\t\t<div class=\"elementor-element elementor-element-2be92a8 elementor-widget elementor-widget-image\" data-id=\"2be92a8\" data-element_type=\"widget\" data-e-type=\"widget\" data-widget_type=\"image.default\">\n\t\t\t\t<div class=\"elementor-widget-container\">\n\t\t\t\t\t\t\t\t\t\t\t\t\t\t\t<img fetchpriority=\"high\" decoding=\"async\" width=\"219\" height=\"300\" src=\"https:\/\/malanew.org\/wp-content\/uploads\/2025\/03\/Sans-titre-219x300.jpg\" class=\"attachment-medium size-medium wp-image-2232\" alt=\"\" srcset=\"https:\/\/malanew.org\/wp-content\/uploads\/2025\/03\/Sans-titre-219x300.jpg 219w, https:\/\/malanew.org\/wp-content\/uploads\/2025\/03\/Sans-titre-748x1024.jpg 748w, https:\/\/malanew.org\/wp-content\/uploads\/2025\/03\/Sans-titre-768x1051.jpg 768w, https:\/\/malanew.org\/wp-content\/uploads\/2025\/03\/Sans-titre-1123x1536.jpg 1123w, https:\/\/malanew.org\/wp-content\/uploads\/2025\/03\/Sans-titre.jpg 1217w\" sizes=\"(max-width: 219px) 100vw, 219px\" \/>\t\t\t\t\t\t\t\t\t\t\t\t\t\t\t<\/div>\n\t\t\t\t<\/div>\n\t\t\t\t<div class=\"elementor-element elementor-element-60c5d17 elementor-widget elementor-widget-text-editor\" data-id=\"60c5d17\" data-element_type=\"widget\" data-e-type=\"widget\" data-widget_type=\"text-editor.default\">\n\t\t\t\t<div class=\"elementor-widget-container\">\n\t\t\t\t\t\t\t\t\t<p style=\"text-align: center;\">T\u00e9l\u00e9charger la pr\u00e9sentation <a href=\"https:\/\/malanew.org\/wp-content\/uploads\/2025\/04\/20250331_reunion_publique_npnru_edm.pdf\">ICI<\/a><\/p>\t\t\t\t\t\t\t\t<\/div>\n\t\t\t\t<\/div>\n\t\t\t\t\t<\/div>\n\t\t\t\t<\/div>\n\t\t\t\t<\/div>\n\t\t","protected":false},"excerpt":{"rendered":"<p>Suivi du projet de renouvellement NPNRU T\u00e9l\u00e9charger la pr\u00e9sentation ICI<\/p>\n","protected":false},"author":1,"featured_media":0,"parent":0,"menu_order":0,"comment_status":"closed","ping_status":"closed","template":"","meta":{"footnotes":""},"class_list":["post-2230","page","type-page","status-publish","hentry"],"_links":{"self":[{"href":"https:\/\/malanew.org\/index.php?rest_route=\/wp\/v2\/pages\/2230","targetHints":{"allow":["GET"]}}],"collection":[{"href":"https:\/\/malanew.org\/index.php?rest_route=\/wp\/v2\/pages"}],"about":[{"href":"https:\/\/malanew.org\/index.php?rest_route=\/wp\/v2\/types\/page"}],"author":[{"embeddable":true,"href":"https:\/\/malanew.org\/index.php?rest_route=\/wp\/v2\/users\/1"}],"replies":[{"embeddable":true,"href":"https:\/\/malanew.org\/index.php?rest_route=%2Fwp%2Fv2%2Fcomments&post=2230"}],"version-history":[{"count":7,"href":"https:\/\/malanew.org\/index.php?rest_route=\/wp\/v2\/pages\/2230\/revisions"}],"predecessor-version":[{"id":2261,"href":"https:\/\/malanew.org\/index.php?rest_route=\/wp\/v2\/pages\/2230\/revisions\/2261"}],"wp:attachment":[{"href":"https:\/\/malanew.org\/index.php?rest_route=%2Fwp%2Fv2%2Fmedia&parent=2230"}],"curies":[{"name":"wp","href":"https:\/\/api.w.org\/{rel}","templated":true}]}}