{"id":2292,"date":"2026-03-04T21:01:23","date_gmt":"2026-03-04T20:01:23","guid":{"rendered":"https:\/\/malanew.org\/?page_id=2292"},"modified":"2026-03-04T21:41:20","modified_gmt":"2026-03-04T20:41:20","slug":"2026-les-appels-doffre","status":"publish","type":"page","link":"https:\/\/malanew.org\/?page_id=2292","title":{"rendered":"2026 Les appels d&rsquo;offre"},"content":{"rendered":"\t\t<div data-elementor-type=\"wp-page\" data-elementor-id=\"2292\" class=\"elementor elementor-2292\">\n\t\t\t\t<div class=\"elementor-element elementor-element-ef44ed1 e-flex e-con-boxed e-con e-parent\" data-id=\"ef44ed1\" data-element_type=\"container\" data-e-type=\"container\">\n\t\t\t\t\t<div class=\"e-con-inner\">\n\t\t\t\t<div class=\"elementor-element elementor-element-8b863f5 elementor-widget elementor-widget-heading\" data-id=\"8b863f5\" data-element_type=\"widget\" data-e-type=\"widget\" data-widget_type=\"heading.default\">\n\t\t\t\t<div class=\"elementor-widget-container\">\n\t\t\t\t\t<h2 class=\"elementor-heading-title elementor-size-default\">2026 Appels d'offre par les bailleurs<\/h2>\t\t\t\t<\/div>\n\t\t\t\t<\/div>\n\t\t\t\t\t<\/div>\n\t\t\t\t<\/div>\n\t\t<div class=\"elementor-element elementor-element-462089b e-flex e-con-boxed e-con e-parent\" data-id=\"462089b\" data-element_type=\"container\" data-e-type=\"container\">\n\t\t\t\t\t<div class=\"e-con-inner\">\n\t\t\t\t<div class=\"elementor-element elementor-element-c3bb323 elementor-widget elementor-widget-text-editor\" data-id=\"c3bb323\" data-element_type=\"widget\" data-e-type=\"widget\" data-widget_type=\"text-editor.default\">\n\t\t\t\t<div class=\"elementor-widget-container\">\n\t\t\t\t\t\t\t\t\t<p style=\"text-align: center;\">Le cabinet d&rsquo;architecture s\u00e9lectionn\u00e9 pour la coordination est Tectone.\u00a0<\/p><p style=\"text-align: center;\">l&rsquo;OPH a choisi de fonctionner en mode conception-r\u00e9alisation.<\/p><p style=\"text-align: center;\">Les prestations de conception et de construction sont ex\u00e9cut\u00e9s par une seule entit\u00e9 (d\u00e9rogation).\u00a0<\/p><p style=\"text-align: center;\">La RIVP garde le principe de s\u00e9paration entre les missions de ma\u00eetrise d&rsquo;\u0153uvre et d&rsquo;ex\u00e9cution des travaux<sup id=\"cite_ref-2\" class=\"reference\"><\/sup>.<\/p>\t\t\t\t\t\t\t\t<\/div>\n\t\t\t\t<\/div>\n\t\t\t\t\t<\/div>\n\t\t\t\t<\/div>\n\t\t<div class=\"elementor-element elementor-element-2db95dd e-flex e-con-boxed e-con e-parent\" data-id=\"2db95dd\" data-element_type=\"container\" data-e-type=\"container\">\n\t\t\t\t\t<div class=\"e-con-inner\">\n\t\t\t\t<div class=\"elementor-element elementor-element-0f15966 elementor-widget elementor-widget-spacer\" data-id=\"0f15966\" data-element_type=\"widget\" data-e-type=\"widget\" data-widget_type=\"spacer.default\">\n\t\t\t\t<div class=\"elementor-widget-container\">\n\t\t\t\t\t\t\t<div class=\"elementor-spacer\">\n\t\t\t<div class=\"elementor-spacer-inner\"><\/div>\n\t\t<\/div>\n\t\t\t\t\t\t<\/div>\n\t\t\t\t<\/div>\n\t\t\t\t\t<\/div>\n\t\t\t\t<\/div>\n\t\t<div class=\"elementor-element elementor-element-49e5bcf e-flex e-con-boxed e-con e-parent\" data-id=\"49e5bcf\" data-element_type=\"container\" data-e-type=\"container\">\n\t\t\t\t\t<div class=\"e-con-inner\">\n\t\t<div class=\"elementor-element elementor-element-e9b868a e-con-full e-flex e-con e-child\" data-id=\"e9b868a\" data-element_type=\"container\" data-e-type=\"container\">\n\t\t\t\t<div class=\"elementor-element elementor-element-411e6c0 elementor-widget elementor-widget-image\" data-id=\"411e6c0\" data-element_type=\"widget\" data-e-type=\"widget\" data-widget_type=\"image.default\">\n\t\t\t\t<div class=\"elementor-widget-container\">\n\t\t\t\t\t\t\t\t\t\t\t\t\t\t\t<img decoding=\"async\" width=\"200\" height=\"200\" src=\"https:\/\/malanew.org\/wp-content\/uploads\/2026\/03\/cvLogo-HD-sans-pourtour.png\" class=\"attachment-large size-large wp-image-2301\" alt=\"\" srcset=\"https:\/\/malanew.org\/wp-content\/uploads\/2026\/03\/cvLogo-HD-sans-pourtour.png 200w, https:\/\/malanew.org\/wp-content\/uploads\/2026\/03\/cvLogo-HD-sans-pourtour-150x150.png 150w\" sizes=\"(max-width: 200px) 100vw, 200px\" \/>\t\t\t\t\t\t\t\t\t\t\t\t\t\t\t<\/div>\n\t\t\t\t<\/div>\n\t\t\t\t<\/div>\n\t\t<div class=\"elementor-element elementor-element-38370ee e-con-full e-flex e-con e-child\" data-id=\"38370ee\" data-element_type=\"container\" data-e-type=\"container\">\n\t\t\t\t<div class=\"elementor-element elementor-element-77e2651 elementor-widget elementor-widget-image\" data-id=\"77e2651\" data-element_type=\"widget\" data-e-type=\"widget\" data-widget_type=\"image.default\">\n\t\t\t\t<div class=\"elementor-widget-container\">\n\t\t\t\t\t\t\t\t\t\t\t\t\t\t\t<img decoding=\"async\" width=\"180\" height=\"98\" src=\"https:\/\/malanew.org\/wp-content\/uploads\/2026\/03\/RIVP.jpg\" class=\"attachment-large size-large wp-image-2307\" alt=\"\" \/>\t\t\t\t\t\t\t\t\t\t\t\t\t\t\t<\/div>\n\t\t\t\t<\/div>\n\t\t\t\t<\/div>\n\t\t\t\t\t<\/div>\n\t\t\t\t<\/div>\n\t\t<div class=\"elementor-element elementor-element-dd3a6b6 e-flex e-con-boxed e-con e-parent\" data-id=\"dd3a6b6\" data-element_type=\"container\" data-e-type=\"container\">\n\t\t\t\t\t<div class=\"e-con-inner\">\n\t\t<div class=\"elementor-element elementor-element-e0abac0 e-con-full e-flex e-con e-child\" data-id=\"e0abac0\" data-element_type=\"container\" data-e-type=\"container\">\n\t\t\t\t<div class=\"elementor-element elementor-element-7fec1ce elementor-widget elementor-widget-text-editor\" data-id=\"7fec1ce\" data-element_type=\"widget\" data-e-type=\"widget\" data-widget_type=\"text-editor.default\">\n\t\t\t\t<div class=\"elementor-widget-container\">\n\t\t\t\t\t\t\t\t\t<p style=\"text-align: center;\">Programme g\u00e9n\u00e9ral de l&rsquo;op\u00e9ration. Cliquez <a href=\"https:\/\/malanew.org\/wp-content\/uploads\/2026\/03\/OPHA_programme-general.pdf\">ICI<\/a><\/p><p style=\"text-align: center;\">Logements: programme de r\u00e9novation du b\u00e2ti. Cliquez <a href=\"https:\/\/malanew.org\/wp-content\/uploads\/2026\/03\/logements_programme_reno_bati-logement.pdf\">ICI<\/a><\/p><p style=\"text-align: center;\">Logements: r\u00e9novation des espaces ext\u00e9rieurs et collectifs. Cliquez <a href=\"https:\/\/malanew.org\/wp-content\/uploads\/2026\/03\/logements_programme_reno_espaces-exterieurs-et-collectifs.pdf\">ICI<\/a><\/p><p style=\"text-align: center;\">Pavillons: programme de r\u00e9novation du b\u00e2ti. Cliquez<a href=\"https:\/\/malanew.org\/wp-content\/uploads\/2026\/03\/programme_reno_bati-logement-1.pdf\"> ICI<\/a>\u00a0<\/p><p style=\"text-align: center;\">Pavillons: r\u00e9novation des espaces ext\u00e9rieurs et collectifs: Cliquez<a href=\"https:\/\/malanew.org\/wp-content\/uploads\/2026\/03\/pavillons_programme_reno_espaces-exterieurs-et-collectifs.pdf\"> ICI<\/a><\/p>\t\t\t\t\t\t\t\t<\/div>\n\t\t\t\t<\/div>\n\t\t\t\t<\/div>\n\t\t<div class=\"elementor-element elementor-element-2bf9f42 e-con-full e-flex e-con e-child\" data-id=\"2bf9f42\" data-element_type=\"container\" data-e-type=\"container\">\n\t\t\t\t<div class=\"elementor-element elementor-element-2388b13 elementor-widget elementor-widget-text-editor\" data-id=\"2388b13\" data-element_type=\"widget\" data-e-type=\"widget\" data-widget_type=\"text-editor.default\">\n\t\t\t\t<div class=\"elementor-widget-container\">\n\t\t\t\t\t\t\t\t\t<p style=\"text-align: center;\">Programme g\u00e9n\u00e9ral de l&rsquo;op\u00e9ration.<\/p><p style=\"text-align: center;\">Cliquez<a href=\"https:\/\/malanew.org\/wp-content\/uploads\/2026\/03\/5.1-Programme-general-de-loperation.pdf\"> ICI<\/a><\/p>\t\t\t\t\t\t\t\t<\/div>\n\t\t\t\t<\/div>\n\t\t\t\t<\/div>\n\t\t\t\t\t<\/div>\n\t\t\t\t<\/div>\n\t\t<div class=\"elementor-element elementor-element-05eab64 e-flex e-con-boxed e-con e-parent\" data-id=\"05eab64\" data-element_type=\"container\" data-e-type=\"container\">\n\t\t\t\t\t<div class=\"e-con-inner\">\n\t\t\t\t\t<\/div>\n\t\t\t\t<\/div>\n\t\t\t\t<\/div>\n\t\t","protected":false},"excerpt":{"rendered":"<p>2026 Appels d&rsquo;offre par les bailleurs Le cabinet d&rsquo;architecture s\u00e9lectionn\u00e9 pour la coordination est Tectone.\u00a0 l&rsquo;OPH a choisi de fonctionner en mode conception-r\u00e9alisation. Les prestations de conception et de construction sont ex\u00e9cut\u00e9s par une seule entit\u00e9 (d\u00e9rogation).\u00a0 La RIVP garde le principe de s\u00e9paration entre les missions de ma\u00eetrise d&rsquo;\u0153uvre et d&rsquo;ex\u00e9cution des travaux. Programme [&hellip;]<\/p>\n","protected":false},"author":1,"featured_media":0,"parent":0,"menu_order":0,"comment_status":"closed","ping_status":"closed","template":"","meta":{"footnotes":""},"class_list":["post-2292","page","type-page","status-publish","hentry"],"_links":{"self":[{"href":"https:\/\/malanew.org\/index.php?rest_route=\/wp\/v2\/pages\/2292","targetHints":{"allow":["GET"]}}],"collection":[{"href":"https:\/\/malanew.org\/index.php?rest_route=\/wp\/v2\/pages"}],"about":[{"href":"https:\/\/malanew.org\/index.php?rest_route=\/wp\/v2\/types\/page"}],"author":[{"embeddable":true,"href":"https:\/\/malanew.org\/index.php?rest_route=\/wp\/v2\/users\/1"}],"replies":[{"embeddable":true,"href":"https:\/\/malanew.org\/index.php?rest_route=%2Fwp%2Fv2%2Fcomments&post=2292"}],"version-history":[{"count":25,"href":"https:\/\/malanew.org\/index.php?rest_route=\/wp\/v2\/pages\/2292\/revisions"}],"predecessor-version":[{"id":2332,"href":"https:\/\/malanew.org\/index.php?rest_route=\/wp\/v2\/pages\/2292\/revisions\/2332"}],"wp:attachment":[{"href":"https:\/\/malanew.org\/index.php?rest_route=%2Fwp%2Fv2%2Fmedia&parent=2292"}],"curies":[{"name":"wp","href":"https:\/\/api.w.org\/{rel}","templated":true}]}}