{"id":337,"date":"2024-01-03T17:24:55","date_gmt":"2024-01-03T16:24:55","guid":{"rendered":"https:\/\/malanew.org\/?page_id=337"},"modified":"2024-01-28T17:54:40","modified_gmt":"2024-01-28T16:54:40","slug":"actions-et-documents-2021-2022","status":"publish","type":"page","link":"https:\/\/malanew.org\/?page_id=337","title":{"rendered":"Actions et documents 2021-2022"},"content":{"rendered":"\t\t<div data-elementor-type=\"wp-page\" data-elementor-id=\"337\" class=\"elementor elementor-337\">\n\t\t\t\t<div class=\"elementor-element elementor-element-6fdc859 e-con-full e-flex e-con e-parent\" data-id=\"6fdc859\" data-element_type=\"container\" data-e-type=\"container\">\n\t\t\t\t<div class=\"elementor-element elementor-element-cd742db elementor-widget elementor-widget-heading\" data-id=\"cd742db\" data-element_type=\"widget\" data-e-type=\"widget\" data-widget_type=\"heading.default\">\n\t\t\t\t<div class=\"elementor-widget-container\">\n\t\t\t\t\t<h2 class=\"elementor-heading-title elementor-size-default\">2021<\/h2>\t\t\t\t<\/div>\n\t\t\t\t<\/div>\n\t\t\t\t<\/div>\n\t\t<div class=\"elementor-element elementor-element-ad52ea0 e-flex e-con-boxed e-con e-parent\" data-id=\"ad52ea0\" data-element_type=\"container\" data-e-type=\"container\">\n\t\t\t\t\t<div class=\"e-con-inner\">\n\t\t<div class=\"elementor-element elementor-element-1f5ec01 e-con-full e-flex e-con e-child\" data-id=\"1f5ec01\" data-element_type=\"container\" data-e-type=\"container\">\n\t\t\t\t<div class=\"elementor-element elementor-element-d2f730d elementor-widget elementor-widget-text-editor\" data-id=\"d2f730d\" data-element_type=\"widget\" data-e-type=\"widget\" data-widget_type=\"text-editor.default\">\n\t\t\t\t<div class=\"elementor-widget-container\">\n\t\t\t\t\t\t\t\t\t<p class=\"font_8 wixui-rich-text__text\">Avis des habitants sur le projet NPNRU en 2018. Cliquer\u00a0<a href=\"https:\/\/malanew.org\/wp-content\/uploads\/2024\/01\/avis-2018.pdf\"><span class=\"wixui-rich-text__text\">ICI<\/span><\/a><\/p><p>Compte rendu de la r\u00e9union du 10 Mai 2021 avec les services de l&rsquo;urbanisme, suite au comit\u00e9 de pilotage ANRU d&rsquo;Avril <a href=\"https:\/\/malanew.org\/wp-content\/uploads\/2024\/01\/CRrencontresurNPNRU10Mai2021Picquart.pdf\">ICI<\/a><\/p><p class=\"font_8 wixui-rich-text__text\">Compte-rendu de la r\u00e9union en mairie sur le NPNRU du 8\/9\/2021\u00a0 Cliquer\u00a0<span class=\"wixui-rich-text__text\"><a class=\"wixui-rich-text__text\" href=\"https:\/\/malanew.org\/wp-content\/uploads\/2024\/01\/CR-Mairie-8Sept2021.pdf\" target=\"_blank\" rel=\"noopener\">ICI<\/a><\/span><\/p><p>\u00a0<\/p><main id=\"PAGES_CONTAINER\" class=\"PAGES_CONTAINER\" tabindex=\"-1\" data-main-content=\"true\"><p>\u00a0<\/p><div id=\"SITE_PAGES\" class=\"JshATs SITE_PAGES\" data-page-transition=\"OutIn\"><div id=\"SITE_PAGES_TRANSITION_GROUP\" class=\"fcNEqv\"><div id=\"vfgi4\" class=\"dBAkHi vfgi4\"><div class=\"HT5ybB\"><div id=\"Containervfgi4\" class=\"Containervfgi4 SPY_vo\"><div class=\"\" data-mesh-id=\"Containervfgi4inlineContent\" data-testid=\"inline-content\"><div data-mesh-id=\"Containervfgi4inlineContent-gridContainer\" data-testid=\"mesh-container-content\"><section id=\"comp-kyh4ninu2\" class=\"comp-kyh4ninu2 CohWsy wixui-column-strip\"><div class=\"V5AUxf\" data-testid=\"columns\"><div id=\"comp-kyh4ninw\" class=\"comp-kyh4ninw YzqVVZ wixui-column-strip__column\"><div id=\"bgLayers_comp-kyh4ninw\" class=\"MW5IWV\" data-hook=\"bgLayers\">\u00a0<\/div><\/div><\/div><\/section><\/div><\/div><\/div><\/div><\/div><\/div><\/div><p>\u00a0<\/p><\/main><p>\u00a0<\/p>\t\t\t\t\t\t\t\t<\/div>\n\t\t\t\t<\/div>\n\t\t\t\t<\/div>\n\t\t<div class=\"elementor-element elementor-element-67c1d1a e-con-full e-flex e-con e-child\" data-id=\"67c1d1a\" data-element_type=\"container\" data-e-type=\"container\">\n\t\t\t\t<div class=\"elementor-element elementor-element-3e7b046 elementor-widget elementor-widget-image\" data-id=\"3e7b046\" data-element_type=\"widget\" data-e-type=\"widget\" data-widget_type=\"image.default\">\n\t\t\t\t<div class=\"elementor-widget-container\">\n\t\t\t\t\t\t\t\t\t\t\t\t\t\t\t<img fetchpriority=\"high\" decoding=\"async\" width=\"599\" height=\"387\" src=\"https:\/\/malanew.org\/wp-content\/uploads\/2024\/01\/7b09b6_c189f6df5414400bb2461c977db08bffmv2.webp\" class=\"attachment-large size-large wp-image-774\" alt=\"\" srcset=\"https:\/\/malanew.org\/wp-content\/uploads\/2024\/01\/7b09b6_c189f6df5414400bb2461c977db08bffmv2.webp 599w, https:\/\/malanew.org\/wp-content\/uploads\/2024\/01\/7b09b6_c189f6df5414400bb2461c977db08bffmv2-300x194.webp 300w\" sizes=\"(max-width: 599px) 100vw, 599px\" \/>\t\t\t\t\t\t\t\t\t\t\t\t\t\t\t<\/div>\n\t\t\t\t<\/div>\n\t\t\t\t<\/div>\n\t\t<div class=\"elementor-element elementor-element-26ca14b e-con-full e-flex e-con e-child\" data-id=\"26ca14b\" data-element_type=\"container\" data-e-type=\"container\">\n\t\t\t\t<div class=\"elementor-element elementor-element-cf136b9 elementor-widget elementor-widget-image\" data-id=\"cf136b9\" data-element_type=\"widget\" data-e-type=\"widget\" data-widget_type=\"image.default\">\n\t\t\t\t<div class=\"elementor-widget-container\">\n\t\t\t\t\t\t\t\t\t\t\t\t\t\t\t<img decoding=\"async\" width=\"546\" height=\"327\" src=\"https:\/\/malanew.org\/wp-content\/uploads\/2024\/01\/Rassemblement-du-14-octobre-21-devant-la-Mairie-dAubervilliers.webp\" class=\"attachment-medium_large size-medium_large wp-image-777\" alt=\"\" srcset=\"https:\/\/malanew.org\/wp-content\/uploads\/2024\/01\/Rassemblement-du-14-octobre-21-devant-la-Mairie-dAubervilliers.webp 546w, https:\/\/malanew.org\/wp-content\/uploads\/2024\/01\/Rassemblement-du-14-octobre-21-devant-la-Mairie-dAubervilliers-300x180.webp 300w\" sizes=\"(max-width: 546px) 100vw, 546px\" \/>\t\t\t\t\t\t\t\t\t\t\t\t\t\t\t<\/div>\n\t\t\t\t<\/div>\n\t\t\t\t<\/div>\n\t\t<div class=\"elementor-element elementor-element-5fea9a3 e-con-full e-flex e-con e-child\" data-id=\"5fea9a3\" data-element_type=\"container\" data-e-type=\"container\">\n\t\t\t\t<div class=\"elementor-element elementor-element-8735bd7 elementor-widget elementor-widget-text-editor\" data-id=\"8735bd7\" data-element_type=\"widget\" data-e-type=\"widget\" data-widget_type=\"text-editor.default\">\n\t\t\t\t<div class=\"elementor-widget-container\">\n\t\t\t\t\t\t\t\t\t<p class=\"font_8 wixui-rich-text__text\">Conseil d&rsquo;administration de l&rsquo;office des HLM du 28\/9\/2021. (<a href=\"https:\/\/malanew.org\/wp-content\/uploads\/2024\/01\/CR-OPH-28_9_2021-off.pdf\"><span class=\"wixui-rich-text__text\">ICI<\/span><\/a>).\u00a0<\/p><p class=\"font_8 wixui-rich-text__text\">Lettre \u00e0 Madame Franclet, pr\u00e9sidente de l&rsquo;OPH et au CA (24\/11\/2021) (<a href=\"https:\/\/malanew.org\/wp-content\/uploads\/2024\/01\/lettre-Maire.pdf\"><span class=\"wixui-rich-text__text\">ICI<\/span><\/a>)<\/p><p class=\"font_8 wixui-rich-text__text\">Compte rendu de la pr\u00e9sentation projet NPRNU 2 au conseil citoyen 20\/12\u00a0 (<span class=\"wixui-rich-text__text\"><a class=\"wixui-rich-text__text\" href=\"https:\/\/malanew.org\/wp-content\/uploads\/2024\/01\/CRrencontreDec2021Picquart.pdf.pdf\" target=\"_blank\" rel=\"noreferrer noopener\">ICI<\/a>)<\/span><\/p>\t\t\t\t\t\t\t\t<\/div>\n\t\t\t\t<\/div>\n\t\t\t\t<\/div>\n\t\t\t\t\t<\/div>\n\t\t\t\t<\/div>\n\t\t<div class=\"elementor-element elementor-element-36b95e9 e-flex e-con-boxed e-con e-parent\" data-id=\"36b95e9\" data-element_type=\"container\" data-e-type=\"container\">\n\t\t\t\t\t<div class=\"e-con-inner\">\n\t\t<div class=\"elementor-element elementor-element-2a8215b e-flex e-con-boxed e-con e-child\" data-id=\"2a8215b\" data-element_type=\"container\" data-e-type=\"container\">\n\t\t\t\t\t<div class=\"e-con-inner\">\n\t\t\t\t<div class=\"elementor-element elementor-element-f682226 elementor-widget elementor-widget-heading\" data-id=\"f682226\" data-element_type=\"widget\" data-e-type=\"widget\" data-widget_type=\"heading.default\">\n\t\t\t\t<div class=\"elementor-widget-container\">\n\t\t\t\t\t<h2 class=\"elementor-heading-title elementor-size-default\">2022<\/h2>\t\t\t\t<\/div>\n\t\t\t\t<\/div>\n\t\t\t\t\t<\/div>\n\t\t\t\t<\/div>\n\t\t<div class=\"elementor-element elementor-element-ba1960b e-flex e-con-boxed e-con e-child\" data-id=\"ba1960b\" data-element_type=\"container\" data-e-type=\"container\">\n\t\t\t\t\t<div class=\"e-con-inner\">\n\t\t\t\t<div class=\"elementor-element elementor-element-33655f6 elementor-widget elementor-widget-image\" data-id=\"33655f6\" data-element_type=\"widget\" data-e-type=\"widget\" data-widget_type=\"image.default\">\n\t\t\t\t<div class=\"elementor-widget-container\">\n\t\t\t\t\t\t\t\t\t\t\t\t\t\t\t\t<a href=\"https:\/\/malanew.org\/wp-content\/uploads\/2024\/01\/DossierPresse15_7_2022-2.pdf-2.pdf\">\n\t\t\t\t\t\t\t<img decoding=\"async\" width=\"202\" height=\"300\" src=\"https:\/\/malanew.org\/wp-content\/uploads\/2024\/01\/couvDossierPresse-202x300.jpg\" class=\"attachment-medium size-medium wp-image-799\" alt=\"\" srcset=\"https:\/\/malanew.org\/wp-content\/uploads\/2024\/01\/couvDossierPresse-202x300.jpg 202w, https:\/\/malanew.org\/wp-content\/uploads\/2024\/01\/couvDossierPresse.jpg 617w\" sizes=\"(max-width: 202px) 100vw, 202px\" \/>\t\t\t\t\t\t\t\t<\/a>\n\t\t\t\t\t\t\t\t\t\t\t\t\t\t\t<\/div>\n\t\t\t\t<\/div>\n\t\t\t\t<div class=\"elementor-element elementor-element-465c519 elementor-widget elementor-widget-spacer\" data-id=\"465c519\" data-element_type=\"widget\" data-e-type=\"widget\" data-widget_type=\"spacer.default\">\n\t\t\t\t<div class=\"elementor-widget-container\">\n\t\t\t\t\t\t\t<div class=\"elementor-spacer\">\n\t\t\t<div class=\"elementor-spacer-inner\"><\/div>\n\t\t<\/div>\n\t\t\t\t\t\t<\/div>\n\t\t\t\t<\/div>\n\t\t\t\t<div class=\"elementor-element elementor-element-838d2ad elementor-widget elementor-widget-heading\" data-id=\"838d2ad\" data-element_type=\"widget\" data-e-type=\"widget\" data-widget_type=\"heading.default\">\n\t\t\t\t<div class=\"elementor-widget-container\">\n\t\t\t\t\t<h2 class=\"elementor-heading-title elementor-size-default\">2022<\/h2>\t\t\t\t<\/div>\n\t\t\t\t<\/div>\n\t\t\t\t\t<\/div>\n\t\t\t\t<\/div>\n\t\t\t\t\t<\/div>\n\t\t\t\t<\/div>\n\t\t<div class=\"elementor-element elementor-element-cee9ff7 e-flex e-con-boxed e-con e-parent\" data-id=\"cee9ff7\" data-element_type=\"container\" data-e-type=\"container\">\n\t\t\t\t\t<div class=\"e-con-inner\">\n\t\t<div class=\"elementor-element elementor-element-22ab212 e-con-full e-flex e-con e-child\" data-id=\"22ab212\" data-element_type=\"container\" data-e-type=\"container\">\n\t\t\t\t<div class=\"elementor-element elementor-element-eac47b2 elementor-widget elementor-widget-text-editor\" data-id=\"eac47b2\" data-element_type=\"widget\" data-e-type=\"widget\" data-widget_type=\"text-editor.default\">\n\t\t\t\t<div class=\"elementor-widget-container\">\n\t\t\t\t\t\t\t\t\t<p>28 F\u00e9vrier 2022, Comit\u00e9 d&rsquo;engagement de l&rsquo;ANRU. Nous r\u00e9clamons la concertation.\u00a0Par la suite, nous r\u00e9clamons le document que nous n&rsquo;avons jamais pu consulter (lettres \u00e0 Mme Franclet, Mr Paturet, Mr Hanotin&#8230;).\u00a0R\u00e9ponse de Mme Franclet (<a href=\"https:\/\/malanew.org\/wp-content\/uploads\/2024\/01\/Reponse-Franclet-31-Mars-2022.pdf\">ICI<\/a>)<\/p><p>Le CA de l&rsquo;OPH signe l&rsquo;engagement du NPNRU le 21 Juin 2022.\u00a0\u00a0<span class=\"wixui-rich-text__text\"><span class=\"color_15 wixui-rich-text__text\">Lancement des r\u00e9unions d&rsquo;information par la mairie <\/span><\/span><span class=\"wixui-rich-text__text\"><a class=\"wixui-rich-text__text\" href=\"https:\/\/www.aubervilliers.fr\/NPNRU-143-millions-pour-renover-nos-quartiers\" target=\"_blank\" rel=\"noreferrer noopener\"><span class=\"color_15 wixui-rich-text__text\">ICI<\/span><\/a> R<\/span><span class=\"wixui-rich-text__text\"><span class=\"color_15 wixui-rich-text__text\">\u00e9union pour la Maladrerie le 28\/6\/2022.\u00a0<\/span><\/span><\/p><p>Le collectif se mobilise pour informer les habitants.\u00a0<\/p>\t\t\t\t\t\t\t\t<\/div>\n\t\t\t\t<\/div>\n\t\t\t\t<\/div>\n\t\t<div class=\"elementor-element elementor-element-7ff5652 e-con-full e-flex e-con e-child\" data-id=\"7ff5652\" data-element_type=\"container\" data-e-type=\"container\">\n\t\t\t\t<div class=\"elementor-element elementor-element-a4a6f09 elementor-widget elementor-widget-image\" data-id=\"a4a6f09\" data-element_type=\"widget\" data-e-type=\"widget\" data-widget_type=\"image.default\">\n\t\t\t\t<div class=\"elementor-widget-container\">\n\t\t\t\t\t\t\t\t\t\t\t\t<figure class=\"wp-caption\">\n\t\t\t\t\t\t\t\t\t\t<img loading=\"lazy\" decoding=\"async\" width=\"419\" height=\"279\" src=\"https:\/\/malanew.org\/wp-content\/uploads\/2024\/01\/Anru-Mars-2022.webp\" class=\"attachment-large size-large wp-image-812\" alt=\"\" srcset=\"https:\/\/malanew.org\/wp-content\/uploads\/2024\/01\/Anru-Mars-2022.webp 419w, https:\/\/malanew.org\/wp-content\/uploads\/2024\/01\/Anru-Mars-2022-300x200.webp 300w\" sizes=\"(max-width: 419px) 100vw, 419px\" \/>\t\t\t\t\t\t\t\t\t\t\t<figcaption class=\"widget-image-caption wp-caption-text\">Photo Alliance Citoyenne<\/figcaption>\n\t\t\t\t\t\t\t\t\t\t<\/figure>\n\t\t\t\t\t\t\t\t\t<\/div>\n\t\t\t\t<\/div>\n\t\t\t\t<\/div>\n\t\t<div class=\"elementor-element elementor-element-80ed89b e-con-full e-flex e-con e-child\" data-id=\"80ed89b\" data-element_type=\"container\" data-e-type=\"container\">\n\t\t\t\t<div class=\"elementor-element elementor-element-00e4c8b elementor-widget elementor-widget-image\" data-id=\"00e4c8b\" data-element_type=\"widget\" data-e-type=\"widget\" data-widget_type=\"image.default\">\n\t\t\t\t<div class=\"elementor-widget-container\">\n\t\t\t\t\t\t\t\t\t\t\t\t\t\t\t<img loading=\"lazy\" decoding=\"async\" width=\"300\" height=\"189\" src=\"https:\/\/malanew.org\/wp-content\/uploads\/2024\/01\/tourquartier-300x189.webp\" class=\"attachment-medium size-medium wp-image-810\" alt=\"\" srcset=\"https:\/\/malanew.org\/wp-content\/uploads\/2024\/01\/tourquartier-300x189.webp 300w, https:\/\/malanew.org\/wp-content\/uploads\/2024\/01\/tourquartier.webp 609w\" sizes=\"(max-width: 300px) 100vw, 300px\" \/>\t\t\t\t\t\t\t\t\t\t\t\t\t\t\t<\/div>\n\t\t\t\t<\/div>\n\t\t\t\t<\/div>\n\t\t\t\t<div class=\"elementor-element elementor-element-b527be9 elementor-widget elementor-widget-image\" data-id=\"b527be9\" data-element_type=\"widget\" data-e-type=\"widget\" data-widget_type=\"image.default\">\n\t\t\t\t<div class=\"elementor-widget-container\">\n\t\t\t\t\t\t\t\t\t\t\t\t\t\t\t<img loading=\"lazy\" decoding=\"async\" width=\"225\" height=\"300\" src=\"https:\/\/malanew.org\/wp-content\/uploads\/2024\/01\/table-dinformation-225x300.webp\" class=\"attachment-medium size-medium wp-image-822\" alt=\"\" srcset=\"https:\/\/malanew.org\/wp-content\/uploads\/2024\/01\/table-dinformation-225x300.webp 225w, https:\/\/malanew.org\/wp-content\/uploads\/2024\/01\/table-dinformation.webp 302w\" sizes=\"(max-width: 225px) 100vw, 225px\" \/>\t\t\t\t\t\t\t\t\t\t\t\t\t\t\t<\/div>\n\t\t\t\t<\/div>\n\t\t<div class=\"elementor-element elementor-element-ddc2404 e-con-full e-flex e-con e-child\" data-id=\"ddc2404\" data-element_type=\"container\" data-e-type=\"container\">\n\t\t\t\t<\/div>\n\t\t\t\t\t<\/div>\n\t\t\t\t<\/div>\n\t\t<div class=\"elementor-element elementor-element-8320517 e-flex e-con-boxed e-con e-parent\" data-id=\"8320517\" data-element_type=\"container\" data-e-type=\"container\" data-settings=\"{&quot;background_background&quot;:&quot;classic&quot;}\">\n\t\t\t\t\t<div class=\"e-con-inner\">\n\t\t\t\t<div class=\"elementor-element elementor-element-1bbbda6 elementor-widget elementor-widget-text-editor\" data-id=\"1bbbda6\" data-element_type=\"widget\" data-e-type=\"widget\" data-widget_type=\"text-editor.default\">\n\t\t\t\t<div class=\"elementor-widget-container\">\n\t\t\t\t\t\t\t\t\t<h2><strong>Grandes lignes du Projet NPNRU sur la Maladrerie:&nbsp;<\/strong><\/h2>\n<p>Destruction: 2 pavillons en regard de la parcelle Entra et la co-propri\u00e9t\u00e9 des Joyeux.&nbsp;<\/p>\n<p>Vente de 343 lots \u00e0 la RIVP, mais abandon de la vente \u00ab\u00a0\u00e0 la d\u00e9coupe\u00a0\u00bb.&nbsp;<\/p>\n<p>R\u00e9sidentialisation dont les d\u00e9tails seraient \u00e0 discuter.&nbsp;<\/p><p>R\u00e9novation par l&rsquo;ext\u00e9rieur, locataires en place, sauf pour les pavillons qui seront r\u00e9nov\u00e9s vides (amiante).&nbsp;<\/p>\t\t\t\t\t\t\t\t<\/div>\n\t\t\t\t<\/div>\n\t\t\t\t\t<\/div>\n\t\t\t\t<\/div>\n\t\t<div class=\"elementor-element elementor-element-1f8c3ee e-flex e-con-boxed e-con e-parent\" data-id=\"1f8c3ee\" data-element_type=\"container\" data-e-type=\"container\">\n\t\t\t\t\t<div class=\"e-con-inner\">\n\t\t\t\t<div class=\"elementor-element elementor-element-6412d2a elementor-widget elementor-widget-spacer\" data-id=\"6412d2a\" data-element_type=\"widget\" data-e-type=\"widget\" data-widget_type=\"spacer.default\">\n\t\t\t\t<div class=\"elementor-widget-container\">\n\t\t\t\t\t\t\t<div class=\"elementor-spacer\">\n\t\t\t<div class=\"elementor-spacer-inner\"><\/div>\n\t\t<\/div>\n\t\t\t\t\t\t<\/div>\n\t\t\t\t<\/div>\n\t\t\t\t\t<\/div>\n\t\t\t\t<\/div>\n\t\t<div class=\"elementor-element elementor-element-1983a80 e-flex e-con-boxed e-con e-parent\" data-id=\"1983a80\" data-element_type=\"container\" data-e-type=\"container\">\n\t\t\t\t\t<div class=\"e-con-inner\">\n\t\t\t\t<div class=\"elementor-element elementor-element-df40893 elementor-widget elementor-widget-heading\" data-id=\"df40893\" data-element_type=\"widget\" data-e-type=\"widget\" data-widget_type=\"heading.default\">\n\t\t\t\t<div class=\"elementor-widget-container\">\n\t\t\t\t\t<h2 class=\"elementor-heading-title elementor-size-default\">Automne 2022: une phase de concertation devrait d\u00e9sormais \u00eatre ouverte. Nous la r\u00e9clamons, avec une Maison de Projet <\/h2>\t\t\t\t<\/div>\n\t\t\t\t<\/div>\n\t\t\t\t\t<\/div>\n\t\t\t\t<\/div>\n\t\t<div class=\"elementor-element elementor-element-575a781 e-flex e-con-boxed e-con e-parent\" data-id=\"575a781\" data-element_type=\"container\" data-e-type=\"container\">\n\t\t\t\t\t<div class=\"e-con-inner\">\n\t\t<div class=\"elementor-element elementor-element-c423644 e-con-full e-flex e-con e-child\" data-id=\"c423644\" data-element_type=\"container\" data-e-type=\"container\">\n\t\t\t\t<div class=\"elementor-element elementor-element-3d72775 elementor-widget elementor-widget-spacer\" data-id=\"3d72775\" data-element_type=\"widget\" data-e-type=\"widget\" data-widget_type=\"spacer.default\">\n\t\t\t\t<div class=\"elementor-widget-container\">\n\t\t\t\t\t\t\t<div class=\"elementor-spacer\">\n\t\t\t<div class=\"elementor-spacer-inner\"><\/div>\n\t\t<\/div>\n\t\t\t\t\t\t<\/div>\n\t\t\t\t<\/div>\n\t\t\t\t<div class=\"elementor-element elementor-element-2793bc3 elementor-widget elementor-widget-text-editor\" data-id=\"2793bc3\" data-element_type=\"widget\" data-e-type=\"widget\" data-widget_type=\"text-editor.default\">\n\t\t\t\t<div class=\"elementor-widget-container\">\n\t\t\t\t\t\t\t\t\t<p>Nous avons r\u00e9dig\u00e9 un argumentaire reprenant les informations \u00e0 notre disposition pour les analyser et nous posons des questions.\u00a0<\/p><p>T\u00e9l\u00e9charger<a href=\"https:\/\/malanew.org\/wp-content\/uploads\/2024\/01\/Argumentaire-NPNRU-COLL-MALA-V2.pdf\"> l&rsquo;argumentaire<\/a><\/p><p>Nous demandons des r\u00e9ponses \u00e0 nos questions<\/p><p class=\"font_8 wixui-rich-text__text\">\u00a0<\/p>\t\t\t\t\t\t\t\t<\/div>\n\t\t\t\t<\/div>\n\t\t\t\t<\/div>\n\t\t<div class=\"elementor-element elementor-element-484e89b e-con-full e-flex e-con e-child\" data-id=\"484e89b\" data-element_type=\"container\" data-e-type=\"container\">\n\t\t\t\t<\/div>\n\t\t\t\t\t<\/div>\n\t\t\t\t<\/div>\n\t\t\t\t<\/div>\n\t\t","protected":false},"excerpt":{"rendered":"<p>2021 Avis des habitants sur le projet NPNRU en 2018. Cliquer\u00a0ICI Compte rendu de la r\u00e9union du 10 Mai 2021 avec les services de l&rsquo;urbanisme, suite au comit\u00e9 de pilotage ANRU d&rsquo;Avril ICI Compte-rendu de la r\u00e9union en mairie sur le NPNRU du 8\/9\/2021\u00a0 Cliquer\u00a0ICI \u00a0 \u00a0 \u00a0 \u00a0 \u00a0 Conseil d&rsquo;administration de l&rsquo;office des [&hellip;]<\/p>\n","protected":false},"author":1,"featured_media":0,"parent":0,"menu_order":0,"comment_status":"closed","ping_status":"closed","template":"","meta":{"footnotes":""},"class_list":["post-337","page","type-page","status-publish","hentry"],"_links":{"self":[{"href":"https:\/\/malanew.org\/index.php?rest_route=\/wp\/v2\/pages\/337","targetHints":{"allow":["GET"]}}],"collection":[{"href":"https:\/\/malanew.org\/index.php?rest_route=\/wp\/v2\/pages"}],"about":[{"href":"https:\/\/malanew.org\/index.php?rest_route=\/wp\/v2\/types\/page"}],"author":[{"embeddable":true,"href":"https:\/\/malanew.org\/index.php?rest_route=\/wp\/v2\/users\/1"}],"replies":[{"embeddable":true,"href":"https:\/\/malanew.org\/index.php?rest_route=%2Fwp%2Fv2%2Fcomments&post=337"}],"version-history":[{"count":73,"href":"https:\/\/malanew.org\/index.php?rest_route=\/wp\/v2\/pages\/337\/revisions"}],"predecessor-version":[{"id":1072,"href":"https:\/\/malanew.org\/index.php?rest_route=\/wp\/v2\/pages\/337\/revisions\/1072"}],"wp:attachment":[{"href":"https:\/\/malanew.org\/index.php?rest_route=%2Fwp%2Fv2%2Fmedia&parent=337"}],"curies":[{"name":"wp","href":"https:\/\/api.w.org\/{rel}","templated":true}]}}