{"id":702,"date":"2024-01-12T17:54:05","date_gmt":"2024-01-12T16:54:05","guid":{"rendered":"https:\/\/malanew.org\/?page_id=702"},"modified":"2024-03-30T10:57:57","modified_gmt":"2024-03-30T09:57:57","slug":"renee-gailhoustet-2","status":"publish","type":"page","link":"https:\/\/malanew.org\/?page_id=702","title":{"rendered":"Ren\u00e9e Gailhoustet"},"content":{"rendered":"\t\t<div data-elementor-type=\"wp-page\" data-elementor-id=\"702\" class=\"elementor elementor-702\">\n\t\t\t\t<div class=\"elementor-element elementor-element-048136f e-flex e-con-boxed e-con e-parent\" data-id=\"048136f\" data-element_type=\"container\" data-e-type=\"container\">\n\t\t\t\t\t<div class=\"e-con-inner\">\n\t\t\t\t<div class=\"elementor-element elementor-element-add0f9e elementor-widget elementor-widget-heading\" data-id=\"add0f9e\" data-element_type=\"widget\" data-e-type=\"widget\" data-widget_type=\"heading.default\">\n\t\t\t\t<div class=\"elementor-widget-container\">\n\t\t\t\t\t<h2 class=\"elementor-heading-title elementor-size-default\">Ren\u00e9e Gailhoustet (1929 - 2023)<\/h2>\t\t\t\t<\/div>\n\t\t\t\t<\/div>\n\t\t\t\t\t<\/div>\n\t\t\t\t<\/div>\n\t\t<div class=\"elementor-element elementor-element-a4f184e e-flex e-con-boxed e-con e-parent\" data-id=\"a4f184e\" data-element_type=\"container\" data-e-type=\"container\">\n\t\t\t\t\t<div class=\"e-con-inner\">\n\t\t<div class=\"elementor-element elementor-element-cb2b175 e-con-full e-flex e-con e-child\" data-id=\"cb2b175\" data-element_type=\"container\" data-e-type=\"container\">\n\t\t\t\t<div class=\"elementor-element elementor-element-c6883e7 elementor-widget elementor-widget-text-editor\" data-id=\"c6883e7\" data-element_type=\"widget\" data-e-type=\"widget\" data-widget_type=\"text-editor.default\">\n\t\t\t\t<div class=\"elementor-widget-container\">\n\t\t\t\t\t\t\t\t\t<p>Ren\u00e9e Gailhoustet, d\u00e9c\u00e9d\u00e9e le 4 F\u00e9vier 2023 dans la cit\u00e9 du Li\u00e9gat, est l&rsquo;architecte de la cit\u00e9 de la Maladrerie.\u00a0<\/p><p>Elle a \u00e9t\u00e9 distingu\u00e9e ces derni\u00e8re ann\u00e9es de prix internationaux importants.\u00a0<\/p><ul><li>2018\u00a0: M\u00e9daille d&rsquo;honneur de l&rsquo;Acad\u00e9mie d&rsquo;architecture<sup id=\"cite_ref-OphIvry_5-1\" class=\"reference\"><\/sup><\/li><li>2019 : Grand prix des arts de Berlin<sup id=\"cite_ref-LeParisien2019_6-1\" class=\"reference\"><\/sup><\/li><li>2022\u00a0: Prix d\u2019architecture de la\u00a0Royal Academy of Arts<sup id=\"cite_ref-20\" class=\"reference\"><\/sup><\/li><li>2022 : Prix d\u2019honneur du Grand Prix national de l\u2019architecture.<\/li><\/ul><p>\u00a0<\/p><p>Farshid Moussavi, pr\u00e9sidente du jury de la Royal Academy of arts souligne\u00a0<\/p><blockquote><p><em>\u00ab Les r\u00e9alisations de Ren\u00e9e Gailhoustet vont bien au-del\u00e0 de ce qui est produit partout aujourd\u2019hui en tant que logement social ou abordable. Son travail fait preuve d\u2019un fort engagement social qui rassemble la g\u00e9n\u00e9rosit\u00e9, la beaut\u00e9, l\u2019\u00e9cologie et l\u2019inclusion. \u00bb<\/em><\/p><\/blockquote><p>\u00a0Dans son hommage \u00e0 Gailhoustet, le ministre de la Culture, Rima Abdul Malak, d\u00e9clare \u02d0<\/p><blockquote><p><em>\u00ab\u00a0En choisissant d\u2019organiser l\u2019espace suivant des parcours diversifi\u00e9s, vari\u00e9es, surprenants et complexes comme la vie, Ren\u00e9e Gailhoustet aura su montrer qu\u2019il existe mille et une fa\u00e7ons d\u2019habiter notre monde et que les murs des logements peuvent lib\u00e9rer plus qu\u2019enfermer<sup id=\"cite_ref-:0_9-4\" class=\"reference\"><\/sup>\u00ab\u00a0<\/em><\/p><\/blockquote><p>Voir sa <a href=\"https:\/\/fr.wikipedia.org\/wiki\/Ren%C3%A9e_Gailhoustet#:~:text=Ren%C3%A9e%20Gailhoustet%2C%20n%C3%A9e%20le%2015,logement%20social%20en%20banlieue%20parisienne.\">biographie\u00a0<\/a><\/p>\t\t\t\t\t\t\t\t<\/div>\n\t\t\t\t<\/div>\n\t\t\t\t<\/div>\n\t\t<div class=\"elementor-element elementor-element-0cf5dcc e-con-full e-flex e-con e-child\" data-id=\"0cf5dcc\" data-element_type=\"container\" data-e-type=\"container\">\n\t\t\t\t<div class=\"elementor-element elementor-element-11dd5ad elementor-widget elementor-widget-image\" data-id=\"11dd5ad\" data-element_type=\"widget\" data-e-type=\"widget\" data-widget_type=\"image.default\">\n\t\t\t\t<div class=\"elementor-widget-container\">\n\t\t\t\t\t\t\t\t\t\t\t\t<figure class=\"wp-caption\">\n\t\t\t\t\t\t\t\t\t\t<img decoding=\"async\" src=\"https:\/\/malanew.org\/wp-content\/uploads\/elementor\/thumbs\/Renee-scaled-qhx75xf7w4qwwxc5i15og9o6k6sczrr27q86o4eggk.jpg\" title=\"Ren\u00e9e\" alt=\"Ren\u00e9e\" loading=\"lazy\" \/>\t\t\t\t\t\t\t\t\t\t\t<figcaption class=\"widget-image-caption wp-caption-text\">Ren\u00e9e Gailhoustet sur sa terrasse \u00a9 Gaston Bergeret<\/figcaption>\n\t\t\t\t\t\t\t\t\t\t<\/figure>\n\t\t\t\t\t\t\t\t\t<\/div>\n\t\t\t\t<\/div>\n\t\t\t\t<\/div>\n\t\t\t\t\t<\/div>\n\t\t\t\t<\/div>\n\t\t\t\t<\/div>\n\t\t","protected":false},"excerpt":{"rendered":"<p>Ren\u00e9e Gailhoustet (1929 &#8211; 2023) Ren\u00e9e Gailhoustet, d\u00e9c\u00e9d\u00e9e le 4 F\u00e9vier 2023 dans la cit\u00e9 du Li\u00e9gat, est l&rsquo;architecte de la cit\u00e9 de la Maladrerie.\u00a0 Elle a \u00e9t\u00e9 distingu\u00e9e ces derni\u00e8re ann\u00e9es de prix internationaux importants.\u00a0 2018\u00a0: M\u00e9daille d&rsquo;honneur de l&rsquo;Acad\u00e9mie d&rsquo;architecture 2019 : Grand prix des arts de Berlin 2022\u00a0: Prix d\u2019architecture de la\u00a0Royal [&hellip;]<\/p>\n","protected":false},"author":1,"featured_media":0,"parent":0,"menu_order":0,"comment_status":"closed","ping_status":"closed","template":"","meta":{"footnotes":""},"class_list":["post-702","page","type-page","status-publish","hentry"],"_links":{"self":[{"href":"https:\/\/malanew.org\/index.php?rest_route=\/wp\/v2\/pages\/702","targetHints":{"allow":["GET"]}}],"collection":[{"href":"https:\/\/malanew.org\/index.php?rest_route=\/wp\/v2\/pages"}],"about":[{"href":"https:\/\/malanew.org\/index.php?rest_route=\/wp\/v2\/types\/page"}],"author":[{"embeddable":true,"href":"https:\/\/malanew.org\/index.php?rest_route=\/wp\/v2\/users\/1"}],"replies":[{"embeddable":true,"href":"https:\/\/malanew.org\/index.php?rest_route=%2Fwp%2Fv2%2Fcomments&post=702"}],"version-history":[{"count":22,"href":"https:\/\/malanew.org\/index.php?rest_route=\/wp\/v2\/pages\/702\/revisions"}],"predecessor-version":[{"id":1946,"href":"https:\/\/malanew.org\/index.php?rest_route=\/wp\/v2\/pages\/702\/revisions\/1946"}],"wp:attachment":[{"href":"https:\/\/malanew.org\/index.php?rest_route=%2Fwp%2Fv2%2Fmedia&parent=702"}],"curies":[{"name":"wp","href":"https:\/\/api.w.org\/{rel}","templated":true}]}}