{"id":706,"date":"2024-01-12T17:58:17","date_gmt":"2024-01-12T16:58:17","guid":{"rendered":"https:\/\/malanew.org\/?page_id=706"},"modified":"2025-02-13T20:56:36","modified_gmt":"2025-02-13T19:56:36","slug":"actions-et-documents","status":"publish","type":"page","link":"https:\/\/malanew.org\/?page_id=706","title":{"rendered":"Actions et documents"},"content":{"rendered":"\t\t<div data-elementor-type=\"wp-page\" data-elementor-id=\"706\" class=\"elementor elementor-706\">\n\t\t\t\t<div class=\"elementor-element elementor-element-62d875f e-flex e-con-boxed e-con e-parent\" data-id=\"62d875f\" data-element_type=\"container\" data-e-type=\"container\">\n\t\t\t\t\t<div class=\"e-con-inner\">\n\t\t\t\t<div class=\"elementor-element elementor-element-7ccfe30 elementor-widget elementor-widget-spacer\" data-id=\"7ccfe30\" data-element_type=\"widget\" data-e-type=\"widget\" data-widget_type=\"spacer.default\">\n\t\t\t\t<div class=\"elementor-widget-container\">\n\t\t\t\t\t\t\t<div class=\"elementor-spacer\">\n\t\t\t<div class=\"elementor-spacer-inner\"><\/div>\n\t\t<\/div>\n\t\t\t\t\t\t<\/div>\n\t\t\t\t<\/div>\n\t\t\t\t\t<\/div>\n\t\t\t\t<\/div>\n\t\t<div class=\"elementor-element elementor-element-6c4184b e-flex e-con-boxed e-con e-parent\" data-id=\"6c4184b\" data-element_type=\"container\" data-e-type=\"container\">\n\t\t\t\t\t<div class=\"e-con-inner\">\n\t\t<div class=\"elementor-element elementor-element-14b1412 e-con-full e-flex e-con e-child\" data-id=\"14b1412\" data-element_type=\"container\" data-e-type=\"container\">\n\t\t\t\t<div class=\"elementor-element elementor-element-a0a4aac elementor-widget elementor-widget-image\" data-id=\"a0a4aac\" data-element_type=\"widget\" data-e-type=\"widget\" data-widget_type=\"image.default\">\n\t\t\t\t<div class=\"elementor-widget-container\">\n\t\t\t\t\t\t\t\t\t\t\t\t\t\t\t\t<a href=\"https:\/\/malanew.org\/wp-content\/uploads\/2024\/01\/DossierPresse15_7_2022-2.pdf-2.pdf\">\n\t\t\t\t\t\t\t<img fetchpriority=\"high\" decoding=\"async\" width=\"202\" height=\"300\" src=\"https:\/\/malanew.org\/wp-content\/uploads\/2024\/01\/couvDossierPresse-202x300.jpg\" class=\"attachment-medium size-medium wp-image-799\" alt=\"\" srcset=\"https:\/\/malanew.org\/wp-content\/uploads\/2024\/01\/couvDossierPresse-202x300.jpg 202w, https:\/\/malanew.org\/wp-content\/uploads\/2024\/01\/couvDossierPresse.jpg 617w\" sizes=\"(max-width: 202px) 100vw, 202px\" \/>\t\t\t\t\t\t\t\t<\/a>\n\t\t\t\t\t\t\t\t\t\t\t\t\t\t\t<\/div>\n\t\t\t\t<\/div>\n\t\t\t\t<\/div>\n\t\t<div class=\"elementor-element elementor-element-34f9969 e-con-full e-flex e-con e-child\" data-id=\"34f9969\" data-element_type=\"container\" data-e-type=\"container\">\n\t\t<div class=\"elementor-element elementor-element-85f3914 e-flex e-con-boxed e-con e-child\" data-id=\"85f3914\" data-element_type=\"container\" data-e-type=\"container\">\n\t\t\t\t\t<div class=\"e-con-inner\">\n\t\t\t\t<div class=\"elementor-element elementor-element-22d3afc elementor-widget elementor-widget-text-editor\" data-id=\"22d3afc\" data-element_type=\"widget\" data-e-type=\"widget\" data-widget_type=\"text-editor.default\">\n\t\t\t\t<div class=\"elementor-widget-container\">\n\t\t\t\t\t\t\t\t\t<p><span style=\"color: var( --e-global-color-text ); letter-spacing: 0px; background-color: var( --e-global-color-9042db2 );\">Les actions men\u00e9es en 2021-2022 (<a href=\"https:\/\/malanew.org\/?page_id=337\">voir la page<\/a>) sont d\u00e9crites dans le dossier de presse (actions, courriers, affiches et tracts, articles de presse).\u00a0<\/span><\/p>\t\t\t\t\t\t\t\t<\/div>\n\t\t\t\t<\/div>\n\t\t\t\t\t<\/div>\n\t\t\t\t<\/div>\n\t\t<div class=\"elementor-element elementor-element-2bb5093 e-flex e-con-boxed e-con e-child\" data-id=\"2bb5093\" data-element_type=\"container\" data-e-type=\"container\">\n\t\t\t\t\t<div class=\"e-con-inner\">\n\t\t\t\t<div class=\"elementor-element elementor-element-2cc6cee elementor-align-center elementor-widget elementor-widget-button\" data-id=\"2cc6cee\" data-element_type=\"widget\" data-e-type=\"widget\" data-widget_type=\"button.default\">\n\t\t\t\t<div class=\"elementor-widget-container\">\n\t\t\t\t\t\t\t\t\t<div class=\"elementor-button-wrapper\">\n\t\t\t\t\t<a class=\"elementor-button elementor-button-link elementor-size-xs\" href=\"https:\/\/malanew.org\/wp-content\/uploads\/2024\/01\/DossierPresse15_7_2022-3.pdf-3.pdf\">\n\t\t\t\t\t\t<span class=\"elementor-button-content-wrapper\">\n\t\t\t\t\t\t\t\t\t<span class=\"elementor-button-text\">Cliquer ici pour le t\u00e9l\u00e9charger<\/span>\n\t\t\t\t\t<\/span>\n\t\t\t\t\t<\/a>\n\t\t\t\t<\/div>\n\t\t\t\t\t\t\t\t<\/div>\n\t\t\t\t<\/div>\n\t\t\t\t\t<\/div>\n\t\t\t\t<\/div>\n\t\t\t\t<\/div>\n\t\t\t\t\t<\/div>\n\t\t\t\t<\/div>\n\t\t<div class=\"elementor-element elementor-element-44aff95 e-flex e-con-boxed e-con e-parent\" data-id=\"44aff95\" data-element_type=\"container\" data-e-type=\"container\">\n\t\t\t\t\t<div class=\"e-con-inner\">\n\t\t\t\t<div class=\"elementor-element elementor-element-358c976 elementor-widget-divider--view-line elementor-widget elementor-widget-divider\" data-id=\"358c976\" data-element_type=\"widget\" data-e-type=\"widget\" data-widget_type=\"divider.default\">\n\t\t\t\t<div class=\"elementor-widget-container\">\n\t\t\t\t\t\t\t<div class=\"elementor-divider\">\n\t\t\t<span class=\"elementor-divider-separator\">\n\t\t\t\t\t\t<\/span>\n\t\t<\/div>\n\t\t\t\t\t\t<\/div>\n\t\t\t\t<\/div>\n\t\t\t\t\t<\/div>\n\t\t\t\t<\/div>\n\t\t<div class=\"elementor-element elementor-element-89bd087 e-flex e-con-boxed e-con e-parent\" data-id=\"89bd087\" data-element_type=\"container\" data-e-type=\"container\">\n\t\t\t\t\t<div class=\"e-con-inner\">\n\t\t\t\t<div class=\"elementor-element elementor-element-692129b elementor-widget elementor-widget-spacer\" data-id=\"692129b\" data-element_type=\"widget\" data-e-type=\"widget\" data-widget_type=\"spacer.default\">\n\t\t\t\t<div class=\"elementor-widget-container\">\n\t\t\t\t\t\t\t<div class=\"elementor-spacer\">\n\t\t\t<div class=\"elementor-spacer-inner\"><\/div>\n\t\t<\/div>\n\t\t\t\t\t\t<\/div>\n\t\t\t\t<\/div>\n\t\t\t\t<div class=\"elementor-element elementor-element-853d334 elementor-widget elementor-widget-text-editor\" data-id=\"853d334\" data-element_type=\"widget\" data-e-type=\"widget\" data-widget_type=\"text-editor.default\">\n\t\t\t\t<div class=\"elementor-widget-container\">\n\t\t\t\t\t\t\t\t\t<p style=\"text-align: center;\">Actions men\u00e9es en <a href=\"https:\/\/malanew.org\/?page_id=719\">2023\u00a0<\/a><\/p><p style=\"text-align: center;\">Dont le <a href=\"https:\/\/malanew.org\/?page_id=704\">dossier d&rsquo;inscription\u00a0<\/a><\/p><p style=\"text-align: center;\">et la <a href=\"https:\/\/malanew.org\/?page_id=708\">journ\u00e9e en l&rsquo;honneur<\/a> de Ren\u00e9e Gailhoustet.\u00a0<\/p><p style=\"text-align: center;\">Nous suivre en 2024<\/p><p style=\"text-align: center;\">Le NPNRU \u00e0<a href=\"https:\/\/malanew.org\/?page_id=710\"> la Maladrerie<\/a><\/p><p style=\"text-align: center;\">En 2025:<a href=\"https:\/\/malanew.org\/?page_id=2127\"> P\u00f4le culturel\u00a0<\/a><\/p><p style=\"text-align: center;\">2025: <a href=\"https:\/\/malanew.org\/?page_id=2142\">travaux au Fort et sur la ligne 15<\/a><\/p><p>\u00a0<\/p><p style=\"text-align: center;\">\u00a0<a href=\"https:\/\/malanew.org\/?page_id=712\">Blog d&rsquo;actualit\u00e9<\/a><\/p>\t\t\t\t\t\t\t\t<\/div>\n\t\t\t\t<\/div>\n\t\t\t\t\t<\/div>\n\t\t\t\t<\/div>\n\t\t\t\t<\/div>\n\t\t","protected":false},"excerpt":{"rendered":"<p>Les actions men\u00e9es en 2021-2022 (voir la page) sont d\u00e9crites dans le dossier de presse (actions, courriers, affiches et tracts, articles de presse).\u00a0 Cliquer ici pour le t\u00e9l\u00e9charger Actions men\u00e9es en 2023\u00a0 Dont le dossier d&rsquo;inscription\u00a0 et la journ\u00e9e en l&rsquo;honneur de Ren\u00e9e Gailhoustet.\u00a0 Nous suivre en 2024 Le NPNRU \u00e0 la Maladrerie En 2025: [&hellip;]<\/p>\n","protected":false},"author":1,"featured_media":0,"parent":0,"menu_order":0,"comment_status":"closed","ping_status":"closed","template":"","meta":{"footnotes":""},"class_list":["post-706","page","type-page","status-publish","hentry"],"_links":{"self":[{"href":"https:\/\/malanew.org\/index.php?rest_route=\/wp\/v2\/pages\/706","targetHints":{"allow":["GET"]}}],"collection":[{"href":"https:\/\/malanew.org\/index.php?rest_route=\/wp\/v2\/pages"}],"about":[{"href":"https:\/\/malanew.org\/index.php?rest_route=\/wp\/v2\/types\/page"}],"author":[{"embeddable":true,"href":"https:\/\/malanew.org\/index.php?rest_route=\/wp\/v2\/users\/1"}],"replies":[{"embeddable":true,"href":"https:\/\/malanew.org\/index.php?rest_route=%2Fwp%2Fv2%2Fcomments&post=706"}],"version-history":[{"count":29,"href":"https:\/\/malanew.org\/index.php?rest_route=\/wp\/v2\/pages\/706\/revisions"}],"predecessor-version":[{"id":2207,"href":"https:\/\/malanew.org\/index.php?rest_route=\/wp\/v2\/pages\/706\/revisions\/2207"}],"wp:attachment":[{"href":"https:\/\/malanew.org\/index.php?rest_route=%2Fwp%2Fv2%2Fmedia&parent=706"}],"curies":[{"name":"wp","href":"https:\/\/api.w.org\/{rel}","templated":true}]}}